{"id":7888,"date":"2025-10-03T13:57:49","date_gmt":"2025-10-03T11:57:49","guid":{"rendered":"https:\/\/www.xcr-airport.com\/?page_id=7888"},"modified":"2025-10-07T09:37:42","modified_gmt":"2025-10-07T07:37:42","slug":"kos","status":"publish","type":"page","link":"https:\/\/www.xcr-airport.com\/en\/kos\/","title":{"rendered":"kos"},"content":{"rendered":"\n<div style=\"background-image:url(&apos;https:\/\/www.xcr-airport.com\/wp-content\/uploads\/2025\/10\/mldnwiurimunt8wxvyow-scaled.avif&apos;);background-position:47% 31%;background-size:cover;\" class=\"wp-block-group intro is-layout-flow wp-block-group-is-layout-flow has-background\">\n<div class=\"wp-block-group bloc-intro-arrow-white is-layout-constrained wp-block-group-is-layout-constrained\">\n<div class=\"wp-block-group top-part is-layout-constrained wp-block-group-is-layout-constrained\">\n<h1 class=\"wp-block-heading\"><em>kos<\/em><\/h1>\n<\/div>\n\n\n\n<div class=\"wp-block-group bot-part is-layout-constrained wp-block-group-is-layout-constrained\">\n<p>Kos, located in the Dodecanese archipelago, is an ideal destination for those seeking both relaxation and discovery.<\/p>\n\n\n\n<div class=\"wp-block-buttons is-layout-flex wp-block-buttons-is-layout-flex\">\n<div class=\"wp-block-button is-style-fill\"><a class=\"wp-block-button__link has-tertiary-color has-text-color has-link-color wp-element-button\" href=\"#savoir-plus\">All flights<\/a><\/div>\n<\/div>\n<\/div>\n<\/div>\n<\/div>\n\n\n\n<div class=\"wp-block-columns section-vols-side is-layout-flex wp-container-core-columns-is-layout-9d6595d7 wp-block-columns-is-layout-flex\">\n<div class=\"wp-block-column col-vols is-layout-flow wp-block-column-is-layout-flow\" style=\"flex-basis:66.66%\" id=\"savoir-plus\">\n<div class=\"wp-block-group vols is-layout-constrained wp-block-group-is-layout-constrained\">\n<div class=\"wp-block-group title-btn is-layout-constrained wp-block-group-is-layout-constrained\">\n<h2 class=\"wp-block-heading before-soleil\" id=\"savoir-plus\"><strong><strong>One-off flights<\/strong><\/strong><\/h2>\n\n\n\n<div class=\"wp-block-buttons is-layout-flex wp-block-buttons-is-layout-flex\">\n<div class=\"wp-block-button is-style-fill\"><a class=\"wp-block-button__link has-tertiary-color has-text-color has-link-color wp-element-button\">Available at travel agencies<\/a><\/div>\n<\/div>\n<\/div>\n\n\n\n<figure class=\"wp-block-image size-full\"><img decoding=\"async\" width=\"843\" height=\"138\" src=\"https:\/\/www.xcr-airport.com\/wp-content\/uploads\/2025\/10\/XCR-Horaires-1-ligne-14.png\" alt=\"\" class=\"wp-image-7842\" srcset=\"https:\/\/www.xcr-airport.com\/wp-content\/uploads\/2025\/10\/XCR-Horaires-1-ligne-14.png 843w, https:\/\/www.xcr-airport.com\/wp-content\/uploads\/2025\/10\/XCR-Horaires-1-ligne-14-300x49.png 300w, https:\/\/www.xcr-airport.com\/wp-content\/uploads\/2025\/10\/XCR-Horaires-1-ligne-14-768x126.png 768w\" sizes=\"(max-width: 843px) 100vw, 843px\" \/><\/figure>\n<\/div>\n<\/div>\n\n\n\n<div class=\"wp-block-column side-vols is-layout-flow wp-block-column-is-layout-flow\" style=\"flex-basis:33.33%\">\n<div class=\"wp-block-group inner-side-accordeon side-vols is-layout-constrained wp-block-group-is-layout-constrained\">\n<h2 class=\"wp-block-heading\">prepare your trip<\/h2>\n\n\n\n<p>Plan your trip with peace of mind with XCR Airport: book your tickets, consult timetables and take advantage of our services for a carefree departure.<\/p>\n\n\n\n<div class=\"wp-block-buttons is-layout-flex wp-block-buttons-is-layout-flex\">\n<div class=\"wp-block-button is-style-fill\"><a class=\"wp-block-button__link has-tertiary-color has-text-color has-link-color wp-element-button\" href=\"https:\/\/www.xcr-airport.com\/en\/travelers-guide\/\">The traveler&#8217;s guide<\/a><\/div>\n<\/div>\n<\/div>\n\n\n\n<figure class=\"wp-block-image size-large\"><img decoding=\"async\" width=\"1024\" height=\"724\" src=\"https:\/\/www.xcr-airport.com\/wp-content\/uploads\/2025\/09\/Visuels-site-departs-Vatry-\u2013-DR-Carole_8-1024x724.jpg\" alt=\"\" class=\"wp-image-7538\" srcset=\"https:\/\/www.xcr-airport.com\/wp-content\/uploads\/2025\/09\/Visuels-site-departs-Vatry-\u2013-DR-Carole_8-1024x724.jpg 1024w, https:\/\/www.xcr-airport.com\/wp-content\/uploads\/2025\/09\/Visuels-site-departs-Vatry-\u2013-DR-Carole_8-300x212.jpg 300w, https:\/\/www.xcr-airport.com\/wp-content\/uploads\/2025\/09\/Visuels-site-departs-Vatry-\u2013-DR-Carole_8-768x543.jpg 768w, https:\/\/www.xcr-airport.com\/wp-content\/uploads\/2025\/09\/Visuels-site-departs-Vatry-\u2013-DR-Carole_8-1536x1086.jpg 1536w, https:\/\/www.xcr-airport.com\/wp-content\/uploads\/2025\/09\/Visuels-site-departs-Vatry-\u2013-DR-Carole_8-2048x1448.jpg 2048w\" sizes=\"(max-width: 1024px) 100vw, 1024px\" \/><\/figure>\n<\/div>\n<\/div>\n\n\n\n<div class=\"wp-block-group destination-cards is-layout-constrained wp-block-group-is-layout-constrained\">\n<div class=\"wp-block-group title-btn is-layout-constrained wp-block-group-is-layout-constrained\">\n<h2 class=\"wp-block-heading\"><strong>Discover Kos<\/strong><\/h2>\n\n\n\n<div class=\"wp-block-buttons is-layout-flex wp-block-buttons-is-layout-flex\">\n<div class=\"wp-block-button is-style-fill\"><a class=\"wp-block-button__link has-tertiary-color has-text-color has-link-color wp-element-button\">Available at travel agencies<\/a><\/div>\n<\/div>\n<\/div>\n\n\n\n<p>With its sandy beaches, crystal-clear waters, and sunny climate, the island offers the perfect setting for a peaceful holiday. History enthusiasts will be delighted to explore the many archaeological sites, such as the Asklepion, an ancient healing center dedicated to the god of medicine, and the ruins of the ancient Agora. The town of Kos, with its charming alleys, traditional tavernas, and shops, invites visitors to wander and explore. For the more active, the island offers a wide range of outdoor activities, including hiking, cycling, and water sports. With its warm atmosphere and breathtaking landscapes, Kos promises an unforgettable experience.<\/p>\n\n\n\n<div class=\"wp-block-group cards is-nowrap is-layout-flex wp-container-core-group-is-layout-ad2f72ca wp-block-group-is-layout-flex\">\n<div style=\"background-image:url(&apos;https:\/\/www.xcr-airport.com\/wp-content\/uploads\/2025\/01\/asclepion_of_kos-1.jpg&apos;);background-position:67% 52%;background-size:cover;\" class=\"wp-block-group card hover is-layout-constrained wp-block-group-is-layout-constrained has-background\">\n<h2 class=\"wp-block-heading\">The Asklepion<\/h2>\n\n\n\n<div class=\"wp-block-group card-txt is-layout-constrained wp-block-group-is-layout-constrained\">\n<p class=\"has-text-color has-link-color wp-elements-f530b52b2ab6e812776ac192c1141213\" style=\"color:#ffffff\">This archaeological site is one of the most important on Kos. It is here that Hippocrates, the father of modern medicine, received his training. The sanctuary of Asclepius is a fascinating place to explore.<\/p>\n<\/div>\n<\/div>\n\n\n\n<div style=\"background-image:url(&apos;https:\/\/www.xcr-airport.com\/wp-content\/uploads\/2025\/01\/the-traditional-white-houses-of-dodecanisian-island-nisyros-1.jpg&apos;);background-position:48% 50%;background-size:cover;\" class=\"wp-block-group card is-layout-constrained wp-block-group-is-layout-constrained has-background\">\n<h2 class=\"wp-block-heading\">Excursion to the Island of Nisyros<\/h2>\n\n\n\n<div class=\"wp-block-group card-txt is-layout-constrained wp-block-group-is-layout-constrained\">\n<p class=\"has-text-color has-link-color wp-elements-47de8be80116b5a591da802f09813b05\" style=\"color:#ffffff\">Take a boat trip to the nearby island of Nisyros, famous for its active volcano. Explore the crater and discover the island\u2019s charming villages.<br><\/p>\n<\/div>\n<\/div>\n\n\n\n<div style=\"background-image:url(&apos;https:\/\/www.xcr-airport.com\/wp-content\/uploads\/2025\/10\/chq-oldtown-discovering-big_story-560w.webp&apos;);background-position:53% 41%;background-size:cover;\" class=\"wp-block-group card is-layout-constrained wp-block-group-is-layout-constrained has-background\">\n<h2 class=\"wp-block-heading\">Castle of the Knights<\/h2>\n\n\n\n<div class=\"wp-block-group card-txt is-layout-constrained wp-block-group-is-layout-constrained\">\n<p class=\"has-text-color has-link-color wp-elements-1029d26cd0bff43e55a31b51cb03c3b9\" style=\"color:#ffffff\">Built by the Knights of Saint John in the 14th century, this castle offers stunning views of the sea and the town of Kos.<br><\/p>\n<\/div>\n<\/div>\n\n\n\n<div style=\"background-image:url(&apos;https:\/\/www.xcr-airport.com\/wp-content\/uploads\/2025\/01\/kos-experiences-40-wxga-1.jpg&apos;);background-position:56.00000000000001% 51%;background-size:cover;\" class=\"wp-block-group card is-layout-constrained wp-block-group-is-layout-constrained has-background\">\n<h2 class=\"wp-block-heading\">Beaches of Kos<\/h2>\n\n\n\n<div class=\"wp-block-group card-txt is-layout-constrained wp-block-group-is-layout-constrained\">\n<p class=\"has-text-color has-link-color wp-elements-d450ae0bcb17b19dc829580d964bd3df\" style=\"color:#ffffff\">Kos is renowned for its beautiful beaches, such as Agios Stefanos and Cavo Paradiso. Whether you prefer lively beaches or secluded coves, you\u2019ll find the perfect spot.<br><\/p>\n<\/div>\n<\/div>\n\n\n\n<div style=\"background-image:url(&apos;https:\/\/www.xcr-airport.com\/wp-content\/uploads\/2025\/10\/WhatsApp-Image-2023-11-22-at-14.04.45_b2044f26.jpg&apos;);background-position:53% 43%;background-size:cover;\" class=\"wp-block-group card is-layout-constrained wp-block-group-is-layout-constrained has-background\">\n<h2 class=\"wp-block-heading\">Local Cuisine<\/h2>\n\n\n\n<div class=\"wp-block-group card-txt is-layout-constrained wp-block-group-is-layout-constrained\">\n<p class=\"has-text-color has-link-color wp-elements-1f7ee75a0ffd0987837ffb519a245982\" style=\"color:#ffffff\">Enjoy Greek specialties in local tavernas, such as souvlaki, tzatziki, and fresh seafood. Don\u2019t miss the chance to taste the island\u2019s local wines during your stay.<\/p>\n<\/div>\n<\/div>\n<\/div>\n<\/div>\n\n\n\n<div class=\"wp-block-group alignfull carrousel-fiches-hover destination is-layout-constrained wp-block-group-is-layout-constrained\">\r\n<div class=\"ik-block-carousel\">\r\n    <div id=\"ik-69da79dda7acb\" class=\"swiper swiper-block-carousel img-bg\"   data-elements=\"3.6\" data-groupe=\"1\">\r\n        <div class=\"swiper-wrapper\">\r\n                            <div class=\"swiper-slide\">\r\n                                        <div class=\"ik-carousel-caption\">\r\n                                                    <h3><span><\/span>Cuisine <br>traditionnelle<\/h3>\r\n                        \r\n                                                    <p>Venez go\u00fbter les plats typiques : couscous, tajine, harira, pastillas, th\u00e9 \u00e0 la menthe\u2026<\/p>\n                        \r\n                                            <\/div>\r\n                <\/div>\r\n                            <div class=\"swiper-slide\">\r\n                                            <img decoding=\"async\" src=\"https:\/\/www.xcr-airport.com\/wp-content\/uploads\/2024\/10\/xcr-marrakech-musique.jpg\" alt=\"xcr-marrakech-musique\">\r\n                                        <div class=\"ik-carousel-caption\">\r\n                                                    <h3><span><\/span>Musique et danse<\/h3>\r\n                        \r\n                                                    <p>Des genres vari\u00e9s comme la musique andalouse, le cha\u00e2bi, la musique gnawa et la musique berb\u00e8re sont profond\u00e9ment enracin\u00e9s dans la tradition.<\/p>\n                        \r\n                                            <\/div>\r\n                <\/div>\r\n                            <div class=\"swiper-slide\">\r\n                                            <img decoding=\"async\" src=\"https:\/\/www.xcr-airport.com\/wp-content\/uploads\/2024\/10\/xcr-marrakech-artisanat.jpg\" alt=\"xcr-marrakech-artisanat\">\r\n                                        <div class=\"ik-carousel-caption\">\r\n                                                    <h3><span><\/span>Artisanat<\/h3>\r\n                        \r\n                                                    <p>L\u2019artisanat marocain est r\u00e9put\u00e9 mondialement, en particulier pour la c\u00e9ramique, les tapis berb\u00e8res, maroquinerie\u2026<\/p>\n                        \r\n                                            <\/div>\r\n                <\/div>\r\n                            <div class=\"swiper-slide\">\r\n                                            <img decoding=\"async\" src=\"https:\/\/www.xcr-airport.com\/wp-content\/uploads\/2024\/10\/xcr-marrakech-architecture.jpg\" alt=\"xcr-marrakech-architecture\">\r\n                                        <div class=\"ik-carousel-caption\">\r\n                                                    <h3><span><\/span>Architecture<\/h3>\r\n                        \r\n                                                    <p>L\u2019architecture marocaine est marqu\u00e9e par les riads, les kasbahs, les mosqu\u00e9es et les m\u00e9dinas orn\u00e9es de zelliges (carrelages) et de pl\u00e2tre cisel\u00e9.<\/p>\n                        \r\n                                            <\/div>\r\n                <\/div>\r\n                            <div class=\"swiper-slide\">\r\n                                            <img decoding=\"async\" src=\"https:\/\/www.xcr-airport.com\/wp-content\/uploads\/2024\/10\/xcr-marrakech-habits-traitionnels.jpg\" alt=\"xcr-marrakech-habits-traitionnels\">\r\n                                        <div class=\"ik-carousel-caption\">\r\n                                                    <h3><span><\/span>V\u00eatements traditionnels<\/h3>\r\n                        \r\n                                                    <p>Le caftan et la djellaba sont des v\u00eatements embl\u00e9matiques port\u00e9s lors des c\u00e9r\u00e9monies ou au quotidien, souvent brod\u00e9s et orn\u00e9s de motifs sophistiqu\u00e9s.<\/p>\n                        \r\n                                            <\/div>\r\n                <\/div>\r\n                    <\/div>\r\n\r\n                    <div class=\"swiper-nav-arrow\">\r\n                <div class=\"swiper-button swiper-button-prev swiper-prev-ik-69da79dda7acb\">\r\n                    <svg xmlns=\"http:\/\/www.w3.org\/2000\/svg\" width=\"10.732\" height=\"17.684\" viewBox=\"0 0 10.732 17.684\">\r\n                        <path id=\"Icon_awesome-chevron-down\" data-name=\"Icon awesome-chevron-down\" d=\"M8.552,19.13.682,11.26a.972.972,0,0,1,0-1.374L1.6,8.968a.972.972,0,0,1,1.373,0L9.24,15.2l6.267-6.237a.972.972,0,0,1,1.373,0l.918.918a.972.972,0,0,1,0,1.374l-7.87,7.87A.972.972,0,0,1,8.552,19.13Z\" transform=\"translate(-8.683 18.082) rotate(-90)\" fill=\"#000\"\/>\r\n                    <\/svg>\r\n                <\/div>\r\n                <div class=\"swiper-button swiper-button-next swiper-next-ik-69da79dda7acb\">\r\n                    <svg xmlns=\"http:\/\/www.w3.org\/2000\/svg\" width=\"10.732\" height=\"17.684\" viewBox=\"0 0 10.732 17.684\">\r\n                        <path id=\"Icon_awesome-chevron-down\" data-name=\"Icon awesome-chevron-down\" d=\"M8.552,19.13.682,11.26a.972.972,0,0,1,0-1.374L1.6,8.968a.972.972,0,0,1,1.373,0L9.24,15.2l6.267-6.237a.972.972,0,0,1,1.373,0l.918.918a.972.972,0,0,1,0,1.374l-7.87,7.87A.972.972,0,0,1,8.552,19.13Z\" transform=\"translate(-8.683 18.082) rotate(-90)\" fill=\"#000\"\/>\r\n                    <\/svg>\r\n                <\/div>\r\n            <\/div>\r\n        \r\n        \r\n                    <div class=\"swiper-scrollbar swiper-scrollbar-ik-69da79dda7acb\"><\/div>\r\n            <\/div>\r\n<\/div><\/div>\n","protected":false},"excerpt":{"rendered":"<p>kos Kos, located in the Dodecanese archipelago, is an ideal destination for those seeking both relaxation and discovery. One-off flights prepare your trip Plan your trip with peace of mind with XCR Airport: book your tickets, consult timetables and take advantage of our services for a carefree departure. Discover Kos With its sandy beaches, crystal-clear waters, and sunny climate, the island offers the perfect setting for a peaceful holiday. History enthusiasts will be delighted to explore the many archaeological sites, such as the Asklepion, an ancient healing center dedicated to the god of medicine, and the ruins of the ancient Agora. The town of Kos, with its charming alleys, traditional tavernas, and shops, invites visitors to wander and explore. For the more active, the island offers a wide range of outdoor activities, including hiking, cycling, and water sports. With its warm atmosphere and breathtaking landscapes, Kos promises an unforgettable experience. The Asklepion This archaeological site is one of the most important on Kos. It is here that Hippocrates, the father of modern medicine, received his training. The sanctuary of Asclepius is a fascinating place to explore. Excursion to the Island of Nisyros Take a boat trip to the nearby island of Nisyros, famous for its active volcano. Explore the crater and discover the island\u2019s charming villages. Castle of the Knights Built by the Knights of Saint John in the 14th century, this castle offers stunning views of the sea and the town of Kos. Beaches of Kos Kos is renowned for its beautiful beaches, such as Agios Stefanos and Cavo Paradiso. Whether you prefer lively beaches or secluded coves, you\u2019ll find the perfect spot. Local Cuisine Enjoy Greek specialties in local tavernas, such as souvlaki, tzatziki, and fresh seafood. Don\u2019t miss the chance to taste the island\u2019s local wines during your stay.<\/p>\n","protected":false},"author":3,"featured_media":7550,"parent":0,"menu_order":0,"comment_status":"closed","ping_status":"closed","template":"","meta":{"_acf_changed":false,"footnotes":""},"class_list":["post-7888","page","type-page","status-publish","has-post-thumbnail","hentry"],"acf":[],"yoast_head":"<!-- This site is optimized with the Yoast SEO plugin v27.3 - https:\/\/yoast.com\/product\/yoast-seo-wordpress\/ -->\n<title>Flights to Marrakech from XCR Airport<\/title>\n<meta name=\"description\" content=\"Travel to Marrakech from XCR Airport: practical information, flight times and booking options for your next trip.\" \/>\n<meta name=\"robots\" content=\"index, follow, max-snippet:-1, max-image-preview:large, max-video-preview:-1\" \/>\n<link rel=\"canonical\" href=\"https:\/\/www.xcr-airport.com\/en\/kos\/\" \/>\n<meta name=\"twitter:label1\" content=\"Est. reading time\" \/>\n\t<meta name=\"twitter:data1\" content=\"3 minutes\" \/>\n<script type=\"application\/ld+json\" class=\"yoast-schema-graph\">{\"@context\":\"https:\\\/\\\/schema.org\",\"@graph\":[{\"@type\":\"WebPage\",\"@id\":\"https:\\\/\\\/www.xcr-airport.com\\\/en\\\/kos\\\/\",\"url\":\"https:\\\/\\\/www.xcr-airport.com\\\/en\\\/kos\\\/\",\"name\":\"Flights to Marrakech from XCR Airport\",\"isPartOf\":{\"@id\":\"https:\\\/\\\/www.xcr-airport.com\\\/en\\\/#website\"},\"primaryImageOfPage\":{\"@id\":\"https:\\\/\\\/www.xcr-airport.com\\\/en\\\/kos\\\/#primaryimage\"},\"image\":{\"@id\":\"https:\\\/\\\/www.xcr-airport.com\\\/en\\\/kos\\\/#primaryimage\"},\"thumbnailUrl\":\"https:\\\/\\\/www.xcr-airport.com\\\/wp-content\\\/uploads\\\/2025\\\/09\\\/plage-sable-rose-elafonissi-crete-grece.jpg\",\"datePublished\":\"2025-10-03T11:57:49+00:00\",\"dateModified\":\"2025-10-07T07:37:42+00:00\",\"description\":\"Travel to Marrakech from XCR Airport: practical information, flight times and booking options for your next trip.\",\"breadcrumb\":{\"@id\":\"https:\\\/\\\/www.xcr-airport.com\\\/en\\\/kos\\\/#breadcrumb\"},\"inLanguage\":\"en-UK\",\"potentialAction\":[{\"@type\":\"ReadAction\",\"target\":[\"https:\\\/\\\/www.xcr-airport.com\\\/en\\\/kos\\\/\"]}]},{\"@type\":\"ImageObject\",\"inLanguage\":\"en-UK\",\"@id\":\"https:\\\/\\\/www.xcr-airport.com\\\/en\\\/kos\\\/#primaryimage\",\"url\":\"https:\\\/\\\/www.xcr-airport.com\\\/wp-content\\\/uploads\\\/2025\\\/09\\\/plage-sable-rose-elafonissi-crete-grece.jpg\",\"contentUrl\":\"https:\\\/\\\/www.xcr-airport.com\\\/wp-content\\\/uploads\\\/2025\\\/09\\\/plage-sable-rose-elafonissi-crete-grece.jpg\",\"width\":1920,\"height\":1080},{\"@type\":\"BreadcrumbList\",\"@id\":\"https:\\\/\\\/www.xcr-airport.com\\\/en\\\/kos\\\/#breadcrumb\",\"itemListElement\":[{\"@type\":\"ListItem\",\"position\":1,\"name\":\"Home\",\"item\":\"https:\\\/\\\/www.xcr-airport.com\\\/en\\\/\"},{\"@type\":\"ListItem\",\"position\":2,\"name\":\"kos\"}]},{\"@type\":\"WebSite\",\"@id\":\"https:\\\/\\\/www.xcr-airport.com\\\/en\\\/#website\",\"url\":\"https:\\\/\\\/www.xcr-airport.com\\\/en\\\/\",\"name\":\"XCR Airport\",\"description\":\"\",\"publisher\":{\"@id\":\"https:\\\/\\\/www.xcr-airport.com\\\/en\\\/#organization\"},\"potentialAction\":[{\"@type\":\"SearchAction\",\"target\":{\"@type\":\"EntryPoint\",\"urlTemplate\":\"https:\\\/\\\/www.xcr-airport.com\\\/en\\\/?s={search_term_string}\"},\"query-input\":{\"@type\":\"PropertyValueSpecification\",\"valueRequired\":true,\"valueName\":\"search_term_string\"}}],\"inLanguage\":\"en-UK\"},{\"@type\":\"Organization\",\"@id\":\"https:\\\/\\\/www.xcr-airport.com\\\/en\\\/#organization\",\"name\":\"XCR Airport\",\"url\":\"https:\\\/\\\/www.xcr-airport.com\\\/en\\\/\",\"logo\":{\"@type\":\"ImageObject\",\"inLanguage\":\"en-UK\",\"@id\":\"https:\\\/\\\/www.xcr-airport.com\\\/en\\\/#\\\/schema\\\/logo\\\/image\\\/\",\"url\":\"https:\\\/\\\/www.xcr-airport.com\\\/wp-content\\\/uploads\\\/2024\\\/10\\\/cropped-logo-xcr-airport.png\",\"contentUrl\":\"https:\\\/\\\/www.xcr-airport.com\\\/wp-content\\\/uploads\\\/2024\\\/10\\\/cropped-logo-xcr-airport.png\",\"width\":240,\"height\":136,\"caption\":\"XCR Airport\"},\"image\":{\"@id\":\"https:\\\/\\\/www.xcr-airport.com\\\/en\\\/#\\\/schema\\\/logo\\\/image\\\/\"}}]}<\/script>\n<!-- \/ Yoast SEO plugin. -->","yoast_head_json":{"title":"Flights to Marrakech from XCR Airport","description":"Travel to Marrakech from XCR Airport: practical information, flight times and booking options for your next trip.","robots":{"index":"index","follow":"follow","max-snippet":"max-snippet:-1","max-image-preview":"max-image-preview:large","max-video-preview":"max-video-preview:-1"},"canonical":"https:\/\/www.xcr-airport.com\/en\/kos\/","twitter_misc":{"Est. reading time":"3 minutes"},"schema":{"@context":"https:\/\/schema.org","@graph":[{"@type":"WebPage","@id":"https:\/\/www.xcr-airport.com\/en\/kos\/","url":"https:\/\/www.xcr-airport.com\/en\/kos\/","name":"Flights to Marrakech from XCR Airport","isPartOf":{"@id":"https:\/\/www.xcr-airport.com\/en\/#website"},"primaryImageOfPage":{"@id":"https:\/\/www.xcr-airport.com\/en\/kos\/#primaryimage"},"image":{"@id":"https:\/\/www.xcr-airport.com\/en\/kos\/#primaryimage"},"thumbnailUrl":"https:\/\/www.xcr-airport.com\/wp-content\/uploads\/2025\/09\/plage-sable-rose-elafonissi-crete-grece.jpg","datePublished":"2025-10-03T11:57:49+00:00","dateModified":"2025-10-07T07:37:42+00:00","description":"Travel to Marrakech from XCR Airport: practical information, flight times and booking options for your next trip.","breadcrumb":{"@id":"https:\/\/www.xcr-airport.com\/en\/kos\/#breadcrumb"},"inLanguage":"en-UK","potentialAction":[{"@type":"ReadAction","target":["https:\/\/www.xcr-airport.com\/en\/kos\/"]}]},{"@type":"ImageObject","inLanguage":"en-UK","@id":"https:\/\/www.xcr-airport.com\/en\/kos\/#primaryimage","url":"https:\/\/www.xcr-airport.com\/wp-content\/uploads\/2025\/09\/plage-sable-rose-elafonissi-crete-grece.jpg","contentUrl":"https:\/\/www.xcr-airport.com\/wp-content\/uploads\/2025\/09\/plage-sable-rose-elafonissi-crete-grece.jpg","width":1920,"height":1080},{"@type":"BreadcrumbList","@id":"https:\/\/www.xcr-airport.com\/en\/kos\/#breadcrumb","itemListElement":[{"@type":"ListItem","position":1,"name":"Home","item":"https:\/\/www.xcr-airport.com\/en\/"},{"@type":"ListItem","position":2,"name":"kos"}]},{"@type":"WebSite","@id":"https:\/\/www.xcr-airport.com\/en\/#website","url":"https:\/\/www.xcr-airport.com\/en\/","name":"XCR Airport","description":"","publisher":{"@id":"https:\/\/www.xcr-airport.com\/en\/#organization"},"potentialAction":[{"@type":"SearchAction","target":{"@type":"EntryPoint","urlTemplate":"https:\/\/www.xcr-airport.com\/en\/?s={search_term_string}"},"query-input":{"@type":"PropertyValueSpecification","valueRequired":true,"valueName":"search_term_string"}}],"inLanguage":"en-UK"},{"@type":"Organization","@id":"https:\/\/www.xcr-airport.com\/en\/#organization","name":"XCR Airport","url":"https:\/\/www.xcr-airport.com\/en\/","logo":{"@type":"ImageObject","inLanguage":"en-UK","@id":"https:\/\/www.xcr-airport.com\/en\/#\/schema\/logo\/image\/","url":"https:\/\/www.xcr-airport.com\/wp-content\/uploads\/2024\/10\/cropped-logo-xcr-airport.png","contentUrl":"https:\/\/www.xcr-airport.com\/wp-content\/uploads\/2024\/10\/cropped-logo-xcr-airport.png","width":240,"height":136,"caption":"XCR Airport"},"image":{"@id":"https:\/\/www.xcr-airport.com\/en\/#\/schema\/logo\/image\/"}}]}},"_links":{"self":[{"href":"https:\/\/www.xcr-airport.com\/en\/wp-json\/wp\/v2\/pages\/7888","targetHints":{"allow":["GET"]}}],"collection":[{"href":"https:\/\/www.xcr-airport.com\/en\/wp-json\/wp\/v2\/pages"}],"about":[{"href":"https:\/\/www.xcr-airport.com\/en\/wp-json\/wp\/v2\/types\/page"}],"author":[{"embeddable":true,"href":"https:\/\/www.xcr-airport.com\/en\/wp-json\/wp\/v2\/users\/3"}],"replies":[{"embeddable":true,"href":"https:\/\/www.xcr-airport.com\/en\/wp-json\/wp\/v2\/comments?post=7888"}],"version-history":[{"count":7,"href":"https:\/\/www.xcr-airport.com\/en\/wp-json\/wp\/v2\/pages\/7888\/revisions"}],"predecessor-version":[{"id":7914,"href":"https:\/\/www.xcr-airport.com\/en\/wp-json\/wp\/v2\/pages\/7888\/revisions\/7914"}],"wp:featuredmedia":[{"embeddable":true,"href":"https:\/\/www.xcr-airport.com\/en\/wp-json\/wp\/v2\/media\/7550"}],"wp:attachment":[{"href":"https:\/\/www.xcr-airport.com\/en\/wp-json\/wp\/v2\/media?parent=7888"}],"curies":[{"name":"wp","href":"https:\/\/api.w.org\/{rel}","templated":true}]}}