{"id":7598,"date":"2025-10-01T16:07:14","date_gmt":"2025-10-01T14:07:14","guid":{"rendered":"https:\/\/www.xcr-airport.com\/?page_id=7598"},"modified":"2025-10-02T15:41:12","modified_gmt":"2025-10-02T13:41:12","slug":"albania","status":"publish","type":"page","link":"https:\/\/www.xcr-airport.com\/en\/albania\/","title":{"rendered":"albania"},"content":{"rendered":"\n<div style=\"background-image:url(&apos;https:\/\/www.xcr-airport.com\/wp-content\/uploads\/2025\/10\/Le-Lac-Bovilla-en-Albanie.jpeg&apos;);background-position:48% 31%;background-size:cover;\" class=\"wp-block-group intro is-layout-flow wp-block-group-is-layout-flow has-background\">\n<div class=\"wp-block-group bloc-intro-arrow-white is-layout-constrained wp-block-group-is-layout-constrained\">\n<div class=\"wp-block-group top-part is-layout-constrained wp-block-group-is-layout-constrained\">\n<h1 class=\"wp-block-heading\"><em>Albania<\/em><\/h1>\n<\/div>\n\n\n\n<div class=\"wp-block-group bot-part is-layout-constrained wp-block-group-is-layout-constrained\">\n<p>Albania, a still-hidden treasure of the Balkans, charms visitors with its pristine beaches, majestic mountains, and historic towns. Between spectacular nature and authentic traditions, this country invites discovery and wonder.<\/p>\n\n\n\n<div class=\"wp-block-buttons is-layout-flex wp-block-buttons-is-layout-flex\">\n<div class=\"wp-block-button is-style-fill\"><a class=\"wp-block-button__link has-tertiary-color has-text-color has-link-color wp-element-button\" href=\"#savoir-plus\">All flights<\/a><\/div>\n<\/div>\n<\/div>\n<\/div>\n<\/div>\n\n\n\n<div class=\"wp-block-columns section-vols-side is-layout-flex wp-container-core-columns-is-layout-9d6595d7 wp-block-columns-is-layout-flex\">\n<div class=\"wp-block-column col-vols is-layout-flow wp-block-column-is-layout-flow\" style=\"flex-basis:66.66%\" id=\"savoir-plus\">\n<div class=\"wp-block-group is-layout-constrained wp-block-group-is-layout-constrained\">\n<div class=\"wp-block-group vols is-layout-constrained wp-block-group-is-layout-constrained\">\n<div class=\"wp-block-group title-btn is-layout-constrained wp-block-group-is-layout-constrained\">\n<h2 class=\"wp-block-heading before-soleil\" id=\"savoir-plus\"><strong>One-off flights<\/strong><\/h2>\n\n\n\n<div class=\"wp-block-buttons is-layout-flex wp-block-buttons-is-layout-flex\">\n<div class=\"wp-block-button is-style-fill\"><a class=\"wp-block-button__link has-tertiary-color has-text-color has-link-color wp-element-button\">Available at travel agencies<\/a><\/div>\n<\/div>\n<\/div>\n\n\n\n<figure class=\"wp-block-image size-full\"><img decoding=\"async\" width=\"843\" height=\"138\" src=\"https:\/\/www.xcr-airport.com\/wp-content\/uploads\/2025\/09\/XCR-Horaires-1-ligne-1.png\" alt=\"\" class=\"wp-image-7610\" srcset=\"https:\/\/www.xcr-airport.com\/wp-content\/uploads\/2025\/09\/XCR-Horaires-1-ligne-1.png 843w, https:\/\/www.xcr-airport.com\/wp-content\/uploads\/2025\/09\/XCR-Horaires-1-ligne-1-300x49.png 300w, https:\/\/www.xcr-airport.com\/wp-content\/uploads\/2025\/09\/XCR-Horaires-1-ligne-1-768x126.png 768w\" sizes=\"(max-width: 843px) 100vw, 843px\" \/><\/figure>\n<\/div>\n<\/div>\n<\/div>\n\n\n\n<div class=\"wp-block-column side-vols is-layout-flow wp-block-column-is-layout-flow\" style=\"flex-basis:33.33%\">\n<div class=\"wp-block-group inner-side-accordeon side-vols is-layout-constrained wp-block-group-is-layout-constrained\">\n<h2 class=\"wp-block-heading\">prepare your trip<\/h2>\n\n\n\n<p>Plan your trip with peace of mind with XCR Airport: book your tickets, consult timetables and take advantage of our services for a carefree departure.<\/p>\n\n\n\n<div class=\"wp-block-buttons is-layout-flex wp-block-buttons-is-layout-flex\">\n<div class=\"wp-block-button is-style-fill\"><a class=\"wp-block-button__link has-tertiary-color has-text-color has-link-color wp-element-button\" href=\"https:\/\/www.xcr-airport.com\/en\/travelers-guide\/\">The traveler&#8217;s guide<\/a><\/div>\n<\/div>\n<\/div>\n\n\n\n<figure class=\"wp-block-image size-full\"><img decoding=\"async\" width=\"2560\" height=\"1810\" src=\"https:\/\/www.xcr-airport.com\/wp-content\/uploads\/2025\/09\/Visuels-site-departs-Vatry-\u2013-DR-Carole_7-scaled.jpg\" alt=\"\" class=\"wp-image-7599\" srcset=\"https:\/\/www.xcr-airport.com\/wp-content\/uploads\/2025\/09\/Visuels-site-departs-Vatry-\u2013-DR-Carole_7-scaled.jpg 2560w, https:\/\/www.xcr-airport.com\/wp-content\/uploads\/2025\/09\/Visuels-site-departs-Vatry-\u2013-DR-Carole_7-300x212.jpg 300w, https:\/\/www.xcr-airport.com\/wp-content\/uploads\/2025\/09\/Visuels-site-departs-Vatry-\u2013-DR-Carole_7-1024x724.jpg 1024w, https:\/\/www.xcr-airport.com\/wp-content\/uploads\/2025\/09\/Visuels-site-departs-Vatry-\u2013-DR-Carole_7-768x543.jpg 768w, https:\/\/www.xcr-airport.com\/wp-content\/uploads\/2025\/09\/Visuels-site-departs-Vatry-\u2013-DR-Carole_7-1536x1086.jpg 1536w, https:\/\/www.xcr-airport.com\/wp-content\/uploads\/2025\/09\/Visuels-site-departs-Vatry-\u2013-DR-Carole_7-2048x1448.jpg 2048w\" sizes=\"(max-width: 2560px) 100vw, 2560px\" \/><\/figure>\n<\/div>\n<\/div>\n\n\n\n<div class=\"wp-block-group destination-cards is-layout-constrained wp-block-group-is-layout-constrained\">\n<div class=\"wp-block-group title-btn is-layout-constrained wp-block-group-is-layout-constrained\">\n<h2 class=\"wp-block-heading\"><strong>Discover Albania<\/strong><\/h2>\n\n\n\n<div class=\"wp-block-buttons is-layout-flex wp-block-buttons-is-layout-flex\">\n<div class=\"wp-block-button is-style-fill\"><a class=\"wp-block-button__link has-tertiary-color has-text-color has-link-color wp-element-button\">Available at travel agencies<\/a><\/div>\n<\/div>\n<\/div>\n\n\n\n<p>Known for its rich heritage and delicious cuisine, Albania offers an authentic experience away from the crowds. Picturesque villages, diverse landscapes, and warm hospitality make every visit truly unforgettable.<\/p>\n\n\n\n<div class=\"wp-block-group cards is-nowrap is-layout-flex wp-container-core-group-is-layout-ad2f72ca wp-block-group-is-layout-flex\">\n<div style=\"background-image:url(&apos;https:\/\/www.xcr-airport.com\/wp-content\/uploads\/2025\/10\/3dce255d99f3af2bf41c5e1edd2643bfa9eea7156d2c501b3cb8ef0afb4aa3f2.avif&apos;);background-position:56.99999999999999% 42%;background-size:cover;\" class=\"wp-block-group card hover is-layout-constrained wp-block-group-is-layout-constrained has-background\">\n<h2 class=\"wp-block-heading\">Albanian Riviera<\/h2>\n\n\n\n<div class=\"wp-block-group card-txt is-layout-constrained wp-block-group-is-layout-constrained\">\n<p class=\"has-text-color has-link-color wp-elements-9eb97daf4ec47bf942f0332efb7f3841\" style=\"color:#ffffff\">Wild beaches and turquoise waters rivaling the best of the Mediterranean.<\/p>\n<\/div>\n<\/div>\n\n\n\n<div style=\"background-image:url(&apos;https:\/\/www.xcr-airport.com\/wp-content\/uploads\/2025\/10\/uitzicht20BERAT.webp&apos;);background-position:53% 55.00000000000001%;background-size:cover;\" class=\"wp-block-group card is-layout-constrained wp-block-group-is-layout-constrained has-background\">\n<h2 class=\"wp-block-heading\">Berat<\/h2>\n\n\n\n<div class=\"wp-block-group card-txt is-layout-constrained wp-block-group-is-layout-constrained\">\n<p class=\"has-text-color has-link-color wp-elements-bc349bac1321b78a0068d64644f6b161\" style=\"color:#ffffff\">Known as the \u201ccity of a thousand windows,\u201d with unique Ottoman architecture.<\/p>\n<\/div>\n<\/div>\n\n\n\n<div style=\"background-image:url(&apos;https:\/\/www.xcr-airport.com\/wp-content\/uploads\/2025\/10\/old-town-gjirokaster-683x1024-1.webp&apos;);background-position:43% 52%;background-size:cover;\" class=\"wp-block-group card is-layout-constrained wp-block-group-is-layout-constrained has-background\">\n<h2 class=\"wp-block-heading\">Gjirokast\u00ebr<\/h2>\n\n\n\n<div class=\"wp-block-group card-txt is-layout-constrained wp-block-group-is-layout-constrained\">\n<p class=\"has-text-color has-link-color wp-elements-375e5430a87d6bff170e8bbc83a2003b\" style=\"color:#ffffff\">A medieval UNESCO-listed town with distinctive stone houses.<\/p>\n<\/div>\n<\/div>\n\n\n\n<div style=\"background-image:url(&apos;https:\/\/www.xcr-airport.com\/wp-content\/uploads\/2025\/10\/802509379ac7789a1a87cb388bbedaa515c361fc9450c65edebc818273eefde0.avif&apos;);background-position:49% 51%;background-size:cover;\" class=\"wp-block-group card is-layout-constrained wp-block-group-is-layout-constrained has-background\">\n<h2 class=\"wp-block-heading\">Albanian Alps<\/h2>\n\n\n\n<div class=\"wp-block-group card-txt is-layout-constrained wp-block-group-is-layout-constrained\">\n<p class=\"has-text-color has-link-color wp-elements-471c5f4d2d2835fc527b5eaacfc2f58f\" style=\"color:#ffffff\">A paradise for hikers, offering spectacular and untouched landscapes.<\/p>\n<\/div>\n<\/div>\n\n\n\n<div style=\"background-image:url(&apos;https:\/\/www.xcr-airport.com\/wp-content\/uploads\/2025\/10\/kruja-bazaar-historic-albanian-market-v0-igreczr7e0sa1.webp&apos;);background-position:53% 43%;background-size:cover;\" class=\"wp-block-group card is-layout-constrained wp-block-group-is-layout-constrained has-background\">\n<h2 class=\"wp-block-heading\">Food &amp; Hospitality<\/h2>\n\n\n\n<div class=\"wp-block-group card-txt is-layout-constrained wp-block-group-is-layout-constrained\">\n<p class=\"has-text-color has-link-color wp-elements-1560ee4d0bbe2e9dc2159d9b24bd4125\" style=\"color:#ffffff\">Savor hearty local dishes and experience the warmth of Albanian people.<\/p>\n<\/div>\n<\/div>\n<\/div>\n<\/div>\n\n\n\n<div class=\"wp-block-group alignfull carrousel-fiches-hover destination is-layout-constrained wp-block-group-is-layout-constrained\">\r\n<div class=\"ik-block-carousel\">\r\n    <div id=\"ik-69da79c72ed6e\" class=\"swiper swiper-block-carousel img-bg\"   data-elements=\"3.6\" data-groupe=\"1\">\r\n        <div class=\"swiper-wrapper\">\r\n                            <div class=\"swiper-slide\">\r\n                                        <div class=\"ik-carousel-caption\">\r\n                                                    <h3><span><\/span>Alberobello,<br>Les trulli<\/h3>\r\n                        \r\n                                                    <p>Les trulli sont des habitations traditionnelles en pierre s\u00e8che avec des toits coniques, typiques de la r\u00e9gion. Alberobello est un site class\u00e9 au patrimoine mondial de l&#8217;UNESCO<\/p>\n                        \r\n                                            <\/div>\r\n                <\/div>\r\n                            <div class=\"swiper-slide\">\r\n                                            <img decoding=\"async\" src=\"https:\/\/www.xcr-airport.com\/wp-content\/uploads\/2025\/01\/whattodoinpolignanoamareitalytravelguide-819x1024-2.jpg\" alt=\"\">\r\n                                        <div class=\"ik-carousel-caption\">\r\n                                                    <h3><span><\/span>Polignano a Mare<\/h3>\r\n                        \r\n                                                    <p>Cette ville c\u00f4ti\u00e8re est c\u00e9l\u00e8bre pour ses falaises spectaculaires et ses vues imprenables sur l\u2019Adriatique. C\u2019est un endroit id\u00e9al pour se d\u00e9tendre et profiter de la mer.<\/p>\n                        \r\n                                            <\/div>\r\n                <\/div>\r\n                            <div class=\"swiper-slide\">\r\n                                            <img decoding=\"async\" src=\"https:\/\/www.xcr-airport.com\/wp-content\/uploads\/2025\/01\/xymrzui2n5b61-1.jpg\" alt=\"\">\r\n                                        <div class=\"ik-carousel-caption\">\r\n                                                    <h3><span><\/span>Castel del Monte<\/h3>\r\n                        \r\n                                                    <p>Un ch\u00e2teau m\u00e9di\u00e9val unique en son genre, construit par l\u2019empereur Fr\u00e9d\u00e9ric II. Il est \u00e9galement inscrit au patrimoine mondial de l\u2019UNESCO et est connu pour sa forme octogonale distinctive.<\/p>\n                        \r\n                                            <\/div>\r\n                <\/div>\r\n                            <div class=\"swiper-slide\">\r\n                                            <img decoding=\"async\" src=\"https:\/\/www.xcr-airport.com\/wp-content\/uploads\/2025\/01\/Lecce-1.jpg\" alt=\"\">\r\n                                        <div class=\"ik-carousel-caption\">\r\n                                                    <h3><span><\/span>Lecce<\/h3>\r\n                        \r\n                                                    <p>Surnomm\u00e9e la \u00ab\u00a0Florence du Sud\u00a0\u00bb, Lecce est r\u00e9put\u00e9e pour son architecture baroque impressionnante et ses \u00e9glises magnifiques, comme la basilique Santa Croce.<\/p>\n                        \r\n                                            <\/div>\r\n                <\/div>\r\n                            <div class=\"swiper-slide\">\r\n                                            <img decoding=\"async\" src=\"https:\/\/www.xcr-airport.com\/wp-content\/uploads\/2025\/01\/1A5CD206-C5F8-4F1E-A9D3-A72548300626-scaled-1-1.jpg\" alt=\"\">\r\n                                        <div class=\"ik-carousel-caption\">\r\n                                                    <h3><span><\/span>Gastronomie locale<\/h3>\r\n                        \r\n                                                    <p>Les Pouilles sont c\u00e9l\u00e8bres pour leur cuisine d\u00e9licieuse, notamment les orecchiette (p\u00e2tes en forme de petites oreilles), l\u2019huile d\u2019olive extra vierge et les fruits de mer frais.<\/p>\n                        \r\n                                            <\/div>\r\n                <\/div>\r\n                    <\/div>\r\n\r\n                    <div class=\"swiper-nav-arrow\">\r\n                <div class=\"swiper-button swiper-button-prev swiper-prev-ik-69da79c72ed6e\">\r\n                    <svg xmlns=\"http:\/\/www.w3.org\/2000\/svg\" width=\"10.732\" height=\"17.684\" viewBox=\"0 0 10.732 17.684\">\r\n                        <path id=\"Icon_awesome-chevron-down\" data-name=\"Icon awesome-chevron-down\" d=\"M8.552,19.13.682,11.26a.972.972,0,0,1,0-1.374L1.6,8.968a.972.972,0,0,1,1.373,0L9.24,15.2l6.267-6.237a.972.972,0,0,1,1.373,0l.918.918a.972.972,0,0,1,0,1.374l-7.87,7.87A.972.972,0,0,1,8.552,19.13Z\" transform=\"translate(-8.683 18.082) rotate(-90)\" fill=\"#000\"\/>\r\n                    <\/svg>\r\n                <\/div>\r\n                <div class=\"swiper-button swiper-button-next swiper-next-ik-69da79c72ed6e\">\r\n                    <svg xmlns=\"http:\/\/www.w3.org\/2000\/svg\" width=\"10.732\" height=\"17.684\" viewBox=\"0 0 10.732 17.684\">\r\n                        <path id=\"Icon_awesome-chevron-down\" data-name=\"Icon awesome-chevron-down\" d=\"M8.552,19.13.682,11.26a.972.972,0,0,1,0-1.374L1.6,8.968a.972.972,0,0,1,1.373,0L9.24,15.2l6.267-6.237a.972.972,0,0,1,1.373,0l.918.918a.972.972,0,0,1,0,1.374l-7.87,7.87A.972.972,0,0,1,8.552,19.13Z\" transform=\"translate(-8.683 18.082) rotate(-90)\" fill=\"#000\"\/>\r\n                    <\/svg>\r\n                <\/div>\r\n            <\/div>\r\n        \r\n        \r\n                    <div class=\"swiper-scrollbar swiper-scrollbar-ik-69da79c72ed6e\"><\/div>\r\n            <\/div>\r\n<\/div><\/div>\n","protected":false},"excerpt":{"rendered":"<p>Albania Albania, a still-hidden treasure of the Balkans, charms visitors with its pristine beaches, majestic mountains, and historic towns. Between spectacular nature and authentic traditions, this country invites discovery and wonder. One-off flights prepare your trip Plan your trip with peace of mind with XCR Airport: book your tickets, consult timetables and take advantage of our services for a carefree departure. Discover Albania Known for its rich heritage and delicious cuisine, Albania offers an authentic experience away from the crowds. Picturesque villages, diverse landscapes, and warm hospitality make every visit truly unforgettable. Albanian Riviera Wild beaches and turquoise waters rivaling the best of the Mediterranean. Berat Known as the \u201ccity of a thousand windows,\u201d with unique Ottoman architecture. Gjirokast\u00ebr A medieval UNESCO-listed town with distinctive stone houses. Albanian Alps A paradise for hikers, offering spectacular and untouched landscapes. Food &amp; Hospitality Savor hearty local dishes and experience the warmth of Albanian people.<\/p>\n","protected":false},"author":3,"featured_media":7603,"parent":0,"menu_order":0,"comment_status":"closed","ping_status":"closed","template":"","meta":{"_acf_changed":false,"footnotes":""},"class_list":["post-7598","page","type-page","status-publish","has-post-thumbnail","hentry"],"acf":[],"yoast_head":"<!-- This site is optimized with the Yoast SEO plugin v27.3 - https:\/\/yoast.com\/product\/yoast-seo-wordpress\/ -->\n<title>Flights to Italy from XCR Airport - Information and bookings<\/title>\n<meta name=\"description\" content=\"Fly to Italy from XCR Airport: timetables, reservations and practical information for a carefree trip to this destination.\" \/>\n<meta name=\"robots\" content=\"index, follow, max-snippet:-1, max-image-preview:large, max-video-preview:-1\" \/>\n<link rel=\"canonical\" href=\"https:\/\/www.xcr-airport.com\/en\/albania\/\" \/>\n<meta name=\"twitter:label1\" content=\"Est. reading time\" \/>\n\t<meta name=\"twitter:data1\" content=\"2 minutes\" \/>\n<script type=\"application\/ld+json\" class=\"yoast-schema-graph\">{\"@context\":\"https:\\\/\\\/schema.org\",\"@graph\":[{\"@type\":\"WebPage\",\"@id\":\"https:\\\/\\\/www.xcr-airport.com\\\/en\\\/albania\\\/\",\"url\":\"https:\\\/\\\/www.xcr-airport.com\\\/en\\\/albania\\\/\",\"name\":\"Flights to Italy from XCR Airport - Information and bookings\",\"isPartOf\":{\"@id\":\"https:\\\/\\\/www.xcr-airport.com\\\/en\\\/#website\"},\"primaryImageOfPage\":{\"@id\":\"https:\\\/\\\/www.xcr-airport.com\\\/en\\\/albania\\\/#primaryimage\"},\"image\":{\"@id\":\"https:\\\/\\\/www.xcr-airport.com\\\/en\\\/albania\\\/#primaryimage\"},\"thumbnailUrl\":\"https:\\\/\\\/www.xcr-airport.com\\\/wp-content\\\/uploads\\\/2025\\\/09\\\/73969215-51445852.jpg\",\"datePublished\":\"2025-10-01T14:07:14+00:00\",\"dateModified\":\"2025-10-02T13:41:12+00:00\",\"description\":\"Fly to Italy from XCR Airport: timetables, reservations and practical information for a carefree trip to this destination.\",\"breadcrumb\":{\"@id\":\"https:\\\/\\\/www.xcr-airport.com\\\/en\\\/albania\\\/#breadcrumb\"},\"inLanguage\":\"en-UK\",\"potentialAction\":[{\"@type\":\"ReadAction\",\"target\":[\"https:\\\/\\\/www.xcr-airport.com\\\/en\\\/albania\\\/\"]}]},{\"@type\":\"ImageObject\",\"inLanguage\":\"en-UK\",\"@id\":\"https:\\\/\\\/www.xcr-airport.com\\\/en\\\/albania\\\/#primaryimage\",\"url\":\"https:\\\/\\\/www.xcr-airport.com\\\/wp-content\\\/uploads\\\/2025\\\/09\\\/73969215-51445852.jpg\",\"contentUrl\":\"https:\\\/\\\/www.xcr-airport.com\\\/wp-content\\\/uploads\\\/2025\\\/09\\\/73969215-51445852.jpg\",\"width\":1210,\"height\":806,\"caption\":\"Saranda's city port at ionian sea. Albania.\"},{\"@type\":\"BreadcrumbList\",\"@id\":\"https:\\\/\\\/www.xcr-airport.com\\\/en\\\/albania\\\/#breadcrumb\",\"itemListElement\":[{\"@type\":\"ListItem\",\"position\":1,\"name\":\"Home\",\"item\":\"https:\\\/\\\/www.xcr-airport.com\\\/en\\\/\"},{\"@type\":\"ListItem\",\"position\":2,\"name\":\"albania\"}]},{\"@type\":\"WebSite\",\"@id\":\"https:\\\/\\\/www.xcr-airport.com\\\/en\\\/#website\",\"url\":\"https:\\\/\\\/www.xcr-airport.com\\\/en\\\/\",\"name\":\"XCR Airport\",\"description\":\"\",\"publisher\":{\"@id\":\"https:\\\/\\\/www.xcr-airport.com\\\/en\\\/#organization\"},\"potentialAction\":[{\"@type\":\"SearchAction\",\"target\":{\"@type\":\"EntryPoint\",\"urlTemplate\":\"https:\\\/\\\/www.xcr-airport.com\\\/en\\\/?s={search_term_string}\"},\"query-input\":{\"@type\":\"PropertyValueSpecification\",\"valueRequired\":true,\"valueName\":\"search_term_string\"}}],\"inLanguage\":\"en-UK\"},{\"@type\":\"Organization\",\"@id\":\"https:\\\/\\\/www.xcr-airport.com\\\/en\\\/#organization\",\"name\":\"XCR Airport\",\"url\":\"https:\\\/\\\/www.xcr-airport.com\\\/en\\\/\",\"logo\":{\"@type\":\"ImageObject\",\"inLanguage\":\"en-UK\",\"@id\":\"https:\\\/\\\/www.xcr-airport.com\\\/en\\\/#\\\/schema\\\/logo\\\/image\\\/\",\"url\":\"https:\\\/\\\/www.xcr-airport.com\\\/wp-content\\\/uploads\\\/2024\\\/10\\\/cropped-logo-xcr-airport.png\",\"contentUrl\":\"https:\\\/\\\/www.xcr-airport.com\\\/wp-content\\\/uploads\\\/2024\\\/10\\\/cropped-logo-xcr-airport.png\",\"width\":240,\"height\":136,\"caption\":\"XCR Airport\"},\"image\":{\"@id\":\"https:\\\/\\\/www.xcr-airport.com\\\/en\\\/#\\\/schema\\\/logo\\\/image\\\/\"}}]}<\/script>\n<!-- \/ Yoast SEO plugin. -->","yoast_head_json":{"title":"Flights to Italy from XCR Airport - Information and bookings","description":"Fly to Italy from XCR Airport: timetables, reservations and practical information for a carefree trip to this destination.","robots":{"index":"index","follow":"follow","max-snippet":"max-snippet:-1","max-image-preview":"max-image-preview:large","max-video-preview":"max-video-preview:-1"},"canonical":"https:\/\/www.xcr-airport.com\/en\/albania\/","twitter_misc":{"Est. reading time":"2 minutes"},"schema":{"@context":"https:\/\/schema.org","@graph":[{"@type":"WebPage","@id":"https:\/\/www.xcr-airport.com\/en\/albania\/","url":"https:\/\/www.xcr-airport.com\/en\/albania\/","name":"Flights to Italy from XCR Airport - Information and bookings","isPartOf":{"@id":"https:\/\/www.xcr-airport.com\/en\/#website"},"primaryImageOfPage":{"@id":"https:\/\/www.xcr-airport.com\/en\/albania\/#primaryimage"},"image":{"@id":"https:\/\/www.xcr-airport.com\/en\/albania\/#primaryimage"},"thumbnailUrl":"https:\/\/www.xcr-airport.com\/wp-content\/uploads\/2025\/09\/73969215-51445852.jpg","datePublished":"2025-10-01T14:07:14+00:00","dateModified":"2025-10-02T13:41:12+00:00","description":"Fly to Italy from XCR Airport: timetables, reservations and practical information for a carefree trip to this destination.","breadcrumb":{"@id":"https:\/\/www.xcr-airport.com\/en\/albania\/#breadcrumb"},"inLanguage":"en-UK","potentialAction":[{"@type":"ReadAction","target":["https:\/\/www.xcr-airport.com\/en\/albania\/"]}]},{"@type":"ImageObject","inLanguage":"en-UK","@id":"https:\/\/www.xcr-airport.com\/en\/albania\/#primaryimage","url":"https:\/\/www.xcr-airport.com\/wp-content\/uploads\/2025\/09\/73969215-51445852.jpg","contentUrl":"https:\/\/www.xcr-airport.com\/wp-content\/uploads\/2025\/09\/73969215-51445852.jpg","width":1210,"height":806,"caption":"Saranda's city port at ionian sea. Albania."},{"@type":"BreadcrumbList","@id":"https:\/\/www.xcr-airport.com\/en\/albania\/#breadcrumb","itemListElement":[{"@type":"ListItem","position":1,"name":"Home","item":"https:\/\/www.xcr-airport.com\/en\/"},{"@type":"ListItem","position":2,"name":"albania"}]},{"@type":"WebSite","@id":"https:\/\/www.xcr-airport.com\/en\/#website","url":"https:\/\/www.xcr-airport.com\/en\/","name":"XCR Airport","description":"","publisher":{"@id":"https:\/\/www.xcr-airport.com\/en\/#organization"},"potentialAction":[{"@type":"SearchAction","target":{"@type":"EntryPoint","urlTemplate":"https:\/\/www.xcr-airport.com\/en\/?s={search_term_string}"},"query-input":{"@type":"PropertyValueSpecification","valueRequired":true,"valueName":"search_term_string"}}],"inLanguage":"en-UK"},{"@type":"Organization","@id":"https:\/\/www.xcr-airport.com\/en\/#organization","name":"XCR Airport","url":"https:\/\/www.xcr-airport.com\/en\/","logo":{"@type":"ImageObject","inLanguage":"en-UK","@id":"https:\/\/www.xcr-airport.com\/en\/#\/schema\/logo\/image\/","url":"https:\/\/www.xcr-airport.com\/wp-content\/uploads\/2024\/10\/cropped-logo-xcr-airport.png","contentUrl":"https:\/\/www.xcr-airport.com\/wp-content\/uploads\/2024\/10\/cropped-logo-xcr-airport.png","width":240,"height":136,"caption":"XCR Airport"},"image":{"@id":"https:\/\/www.xcr-airport.com\/en\/#\/schema\/logo\/image\/"}}]}},"_links":{"self":[{"href":"https:\/\/www.xcr-airport.com\/en\/wp-json\/wp\/v2\/pages\/7598","targetHints":{"allow":["GET"]}}],"collection":[{"href":"https:\/\/www.xcr-airport.com\/en\/wp-json\/wp\/v2\/pages"}],"about":[{"href":"https:\/\/www.xcr-airport.com\/en\/wp-json\/wp\/v2\/types\/page"}],"author":[{"embeddable":true,"href":"https:\/\/www.xcr-airport.com\/en\/wp-json\/wp\/v2\/users\/3"}],"replies":[{"embeddable":true,"href":"https:\/\/www.xcr-airport.com\/en\/wp-json\/wp\/v2\/comments?post=7598"}],"version-history":[{"count":10,"href":"https:\/\/www.xcr-airport.com\/en\/wp-json\/wp\/v2\/pages\/7598\/revisions"}],"predecessor-version":[{"id":7833,"href":"https:\/\/www.xcr-airport.com\/en\/wp-json\/wp\/v2\/pages\/7598\/revisions\/7833"}],"wp:featuredmedia":[{"embeddable":true,"href":"https:\/\/www.xcr-airport.com\/en\/wp-json\/wp\/v2\/media\/7603"}],"wp:attachment":[{"href":"https:\/\/www.xcr-airport.com\/en\/wp-json\/wp\/v2\/media?parent=7598"}],"curies":[{"name":"wp","href":"https:\/\/api.w.org\/{rel}","templated":true}]}}