{"id":7582,"date":"2025-10-01T16:07:56","date_gmt":"2025-10-01T14:07:56","guid":{"rendered":"https:\/\/www.xcr-airport.com\/?page_id=7582"},"modified":"2025-10-02T15:38:59","modified_gmt":"2025-10-02T13:38:59","slug":"andalusia","status":"publish","type":"page","link":"https:\/\/www.xcr-airport.com\/en\/andalusia\/","title":{"rendered":"andalusia"},"content":{"rendered":"\n<div style=\"background-image:url(&apos;https:\/\/www.xcr-airport.com\/wp-content\/uploads\/2025\/10\/La-mosquee-cathedrale-de-Cordoue-Andalousie-Espagne-rotated.jpg&apos;);background-position:81% 4%;background-size:cover;\" class=\"wp-block-group intro is-layout-flow wp-block-group-is-layout-flow has-background\">\n<div class=\"wp-block-group bloc-intro-arrow-white is-layout-constrained wp-block-group-is-layout-constrained\">\n<div class=\"wp-block-group top-part is-layout-constrained wp-block-group-is-layout-constrained\">\n<h1 class=\"wp-block-heading\"><em>Andalusia<\/em><\/h1>\n<\/div>\n\n\n\n<div class=\"wp-block-group bot-part is-layout-constrained wp-block-group-is-layout-constrained\">\n<p>Andalusia, the sun-soaked heart of Spain, captivates visitors with its historic cities, beaches, and diverse landscapes. With rich culture and vibrant traditions, this region promises unforgettable discoveries.<\/p>\n\n\n\n<div class=\"wp-block-buttons is-layout-flex wp-block-buttons-is-layout-flex\">\n<div class=\"wp-block-button is-style-fill\"><a class=\"wp-block-button__link has-tertiary-color has-text-color has-link-color wp-element-button\" href=\"#savoir-plus\">All flights<\/a><\/div>\n<\/div>\n<\/div>\n<\/div>\n<\/div>\n\n\n\n<div class=\"wp-block-columns section-vols-side is-layout-flex wp-container-core-columns-is-layout-9d6595d7 wp-block-columns-is-layout-flex\">\n<div class=\"wp-block-column col-vols is-layout-flow wp-block-column-is-layout-flow\" style=\"flex-basis:66.66%\" id=\"savoir-plus\">\n<div class=\"wp-block-group is-layout-constrained wp-block-group-is-layout-constrained\">\n<div class=\"wp-block-group vols is-layout-constrained wp-block-group-is-layout-constrained\">\n<div class=\"wp-block-group title-btn is-layout-constrained wp-block-group-is-layout-constrained\">\n<h2 class=\"wp-block-heading before-soleil\" id=\"savoir-plus\"><strong>One-off flights<\/strong><\/h2>\n\n\n\n<div class=\"wp-block-buttons is-layout-flex wp-block-buttons-is-layout-flex\">\n<div class=\"wp-block-button is-style-fill\"><a class=\"wp-block-button__link has-tertiary-color has-text-color has-link-color wp-element-button\">Available at travel agencies<\/a><\/div>\n<\/div>\n<\/div>\n\n\n\n<figure class=\"wp-block-image size-full\"><img decoding=\"async\" width=\"843\" height=\"138\" src=\"https:\/\/www.xcr-airport.com\/wp-content\/uploads\/2025\/09\/XCR-Horaires-1-ligne-12.png\" alt=\"\" class=\"wp-image-7640\" srcset=\"https:\/\/www.xcr-airport.com\/wp-content\/uploads\/2025\/09\/XCR-Horaires-1-ligne-12.png 843w, https:\/\/www.xcr-airport.com\/wp-content\/uploads\/2025\/09\/XCR-Horaires-1-ligne-12-300x49.png 300w, https:\/\/www.xcr-airport.com\/wp-content\/uploads\/2025\/09\/XCR-Horaires-1-ligne-12-768x126.png 768w\" sizes=\"(max-width: 843px) 100vw, 843px\" \/><\/figure>\n<\/div>\n<\/div>\n<\/div>\n\n\n\n<div class=\"wp-block-column side-vols is-layout-flow wp-block-column-is-layout-flow\" style=\"flex-basis:33.33%\">\n<div class=\"wp-block-group inner-side-accordeon side-vols is-layout-constrained wp-block-group-is-layout-constrained\">\n<h2 class=\"wp-block-heading\">prepare your trip<\/h2>\n\n\n\n<p>Plan your trip with peace of mind with XCR Airport: book your tickets, consult timetables and take advantage of our services for a carefree departure.<\/p>\n\n\n\n<div class=\"wp-block-buttons is-layout-flex wp-block-buttons-is-layout-flex\">\n<div class=\"wp-block-button is-style-fill\"><a class=\"wp-block-button__link has-tertiary-color has-text-color has-link-color wp-element-button\" href=\"https:\/\/www.xcr-airport.com\/en\/travelers-guide\/\">The traveler&#8217;s guide<\/a><\/div>\n<\/div>\n<\/div>\n\n\n\n<figure class=\"wp-block-image size-full\"><img decoding=\"async\" width=\"2560\" height=\"1810\" src=\"https:\/\/www.xcr-airport.com\/wp-content\/uploads\/2025\/09\/Visuels-site-departs-Vatry-\u2013-DR-Carole_5-scaled.jpg\" alt=\"\" class=\"wp-image-7583\" srcset=\"https:\/\/www.xcr-airport.com\/wp-content\/uploads\/2025\/09\/Visuels-site-departs-Vatry-\u2013-DR-Carole_5-scaled.jpg 2560w, https:\/\/www.xcr-airport.com\/wp-content\/uploads\/2025\/09\/Visuels-site-departs-Vatry-\u2013-DR-Carole_5-300x212.jpg 300w, https:\/\/www.xcr-airport.com\/wp-content\/uploads\/2025\/09\/Visuels-site-departs-Vatry-\u2013-DR-Carole_5-1024x724.jpg 1024w, https:\/\/www.xcr-airport.com\/wp-content\/uploads\/2025\/09\/Visuels-site-departs-Vatry-\u2013-DR-Carole_5-768x543.jpg 768w, https:\/\/www.xcr-airport.com\/wp-content\/uploads\/2025\/09\/Visuels-site-departs-Vatry-\u2013-DR-Carole_5-1536x1086.jpg 1536w, https:\/\/www.xcr-airport.com\/wp-content\/uploads\/2025\/09\/Visuels-site-departs-Vatry-\u2013-DR-Carole_5-2048x1448.jpg 2048w\" sizes=\"(max-width: 2560px) 100vw, 2560px\" \/><\/figure>\n<\/div>\n<\/div>\n\n\n\n<div class=\"wp-block-group destination-cards is-layout-constrained wp-block-group-is-layout-constrained\">\n<div class=\"wp-block-group title-btn is-layout-constrained wp-block-group-is-layout-constrained\">\n<h2 class=\"wp-block-heading\"><strong>Discover Andalusia<\/strong><\/h2>\n\n\n\n<div class=\"wp-block-buttons is-layout-flex wp-block-buttons-is-layout-flex\">\n<div class=\"wp-block-button is-style-fill\"><a class=\"wp-block-button__link has-tertiary-color has-text-color has-link-color wp-element-button\">Available at travel agencies<\/a><\/div>\n<\/div>\n<\/div>\n\n\n\n<p>Famous for its majestic palaces, whitewashed villages, and passionate flamenco, Andalusia offers an authentic Spanish experience. From delicious tapas and mountain excursions to colorful festivals, every moment becomes a unique adventure.<\/p>\n\n\n\n<div class=\"wp-block-group cards is-nowrap is-layout-flex wp-container-core-group-is-layout-ad2f72ca wp-block-group-is-layout-flex\">\n<div style=\"background-image:url(&apos;https:\/\/www.xcr-airport.com\/wp-content\/uploads\/2025\/10\/visite-alhambra-grenade.jpg&apos;);background-position:47% 47%;background-size:cover;\" class=\"wp-block-group card hover is-layout-constrained wp-block-group-is-layout-constrained has-background\">\n<h2 class=\"wp-block-heading\">The Alhambra in Granada<\/h2>\n\n\n\n<div class=\"wp-block-group card-txt is-layout-constrained wp-block-group-is-layout-constrained\">\n<p class=\"has-text-color has-link-color wp-elements-fb657aa5417736b0e0723677dd2744a1\" style=\"color:#ffffff\">A Moorish architectural masterpiece and UNESCO World Heritage site.<\/p>\n<\/div>\n<\/div>\n\n\n\n<div style=\"background-image:url(&apos;https:\/\/www.xcr-airport.com\/wp-content\/uploads\/2025\/10\/621275_poster.jpg&apos;);background-position:52% 53%;background-size:cover;\" class=\"wp-block-group card is-layout-constrained wp-block-group-is-layout-constrained has-background\">\n<h2 class=\"wp-block-heading\">The Mezquita in C\u00f3rdoba<\/h2>\n\n\n\n<div class=\"wp-block-group card-txt is-layout-constrained wp-block-group-is-layout-constrained\">\n<p class=\"has-text-color has-link-color wp-elements-0f7e3eabd606e4239111f08e9dc56701\" style=\"color:#ffffff\">A unique mosque-cathedral symbolizing the blend of cultures.<\/p>\n<\/div>\n<\/div>\n\n\n\n<div style=\"background-image:url(&apos;https:\/\/www.xcr-airport.com\/wp-content\/uploads\/2025\/10\/Alcazar-in-Seville.jpg&apos;);background-position:60% 48%;background-size:cover;\" class=\"wp-block-group card is-layout-constrained wp-block-group-is-layout-constrained has-background\">\n<h2 class=\"wp-block-heading\">The Alc\u00e1zar of Seville<\/h2>\n\n\n\n<div class=\"wp-block-group card-txt is-layout-constrained wp-block-group-is-layout-constrained\">\n<p class=\"has-text-color has-link-color wp-elements-8053c973c080b702c4100c48a6bdd5f2\" style=\"color:#ffffff\">A sumptuous palace with lush gardens showcasing Andalusian refinement.<\/p>\n<\/div>\n<\/div>\n\n\n\n<div style=\"background-image:url(&apos;https:\/\/www.xcr-airport.com\/wp-content\/uploads\/2025\/10\/vejer-de-la-frontera-andalousie-mademoiselle-voyage-10.jpg&apos;);background-position:48% 56.99999999999999%;background-size:cover;\" class=\"wp-block-group card is-layout-constrained wp-block-group-is-layout-constrained has-background\">\n<h2 class=\"wp-block-heading\">White Villages<\/h2>\n\n\n\n<div class=\"wp-block-group card-txt is-layout-constrained wp-block-group-is-layout-constrained\">\n<p class=\"has-text-color has-link-color wp-elements-91866eb3f9e34b97d7482946a5e17941\" style=\"color:#ffffff\">Picturesque towns with whitewashed houses nestled in the mountains.<\/p>\n<\/div>\n<\/div>\n\n\n\n<div style=\"background-image:url(&apos;https:\/\/www.xcr-airport.com\/wp-content\/uploads\/2025\/10\/flamenco-seville.avif&apos;);background-position:55.00000000000001% 46%;background-size:cover;\" class=\"wp-block-group card is-layout-constrained wp-block-group-is-layout-constrained has-background\">\n<h2 class=\"wp-block-heading\">Flamenco &amp; Tapas<\/h2>\n\n\n\n<div class=\"wp-block-group card-txt is-layout-constrained wp-block-group-is-layout-constrained\">\n<p class=\"has-text-color has-link-color wp-elements-f35bf5f12671cdb06db0b820cb6cae48\" style=\"color:#ffffff\">Feel the passion of flamenco and enjoy authentic Spanish flavors.<\/p>\n<\/div>\n<\/div>\n<\/div>\n<\/div>\n\n\n\n<div class=\"wp-block-group alignfull carrousel-fiches-hover destination is-layout-constrained wp-block-group-is-layout-constrained\">\r\n<div class=\"ik-block-carousel\">\r\n    <div id=\"ik-69da79c734cfe\" class=\"swiper swiper-block-carousel img-bg\"   data-elements=\"3.6\" data-groupe=\"1\">\r\n        <div class=\"swiper-wrapper\">\r\n                            <div class=\"swiper-slide\">\r\n                                            <img decoding=\"async\" src=\"https:\/\/www.xcr-airport.com\/wp-content\/uploads\/2025\/10\/visite-alhambra-grenade.jpg\" alt=\"\">\r\n                                        <div class=\"ik-carousel-caption\">\r\n                                                    <h3><span><\/span>L\u2019Alhambra de Grenade<\/h3>\r\n                        \r\n                                                    <p>Un chef-d\u2019\u0153uvre architectural mauresque, v\u00e9ritable joyau inscrit \u00e0 l\u2019UNESCO.<\/p>\n                        \r\n                                            <\/div>\r\n                <\/div>\r\n                            <div class=\"swiper-slide\">\r\n                                            <img decoding=\"async\" src=\"https:\/\/www.xcr-airport.com\/wp-content\/uploads\/2025\/01\/whattodoinpolignanoamareitalytravelguide-819x1024-2.jpg\" alt=\"\">\r\n                                        <div class=\"ik-carousel-caption\">\r\n                                                    <h3><span><\/span>Polignano a Mare<\/h3>\r\n                        \r\n                                                    <p>Cette ville c\u00f4ti\u00e8re est c\u00e9l\u00e8bre pour ses falaises spectaculaires et ses vues imprenables sur l\u2019Adriatique. C\u2019est un endroit id\u00e9al pour se d\u00e9tendre et profiter de la mer.<\/p>\n                        \r\n                                            <\/div>\r\n                <\/div>\r\n                            <div class=\"swiper-slide\">\r\n                                            <img decoding=\"async\" src=\"https:\/\/www.xcr-airport.com\/wp-content\/uploads\/2025\/01\/xymrzui2n5b61-1.jpg\" alt=\"\">\r\n                                        <div class=\"ik-carousel-caption\">\r\n                                                    <h3><span><\/span>Castel del Monte<\/h3>\r\n                        \r\n                                                    <p>Un ch\u00e2teau m\u00e9di\u00e9val unique en son genre, construit par l\u2019empereur Fr\u00e9d\u00e9ric II. Il est \u00e9galement inscrit au patrimoine mondial de l\u2019UNESCO et est connu pour sa forme octogonale distinctive.<\/p>\n                        \r\n                                            <\/div>\r\n                <\/div>\r\n                            <div class=\"swiper-slide\">\r\n                                            <img decoding=\"async\" src=\"https:\/\/www.xcr-airport.com\/wp-content\/uploads\/2025\/01\/Lecce-1.jpg\" alt=\"\">\r\n                                        <div class=\"ik-carousel-caption\">\r\n                                                    <h3><span><\/span>Lecce<\/h3>\r\n                        \r\n                                                    <p>Surnomm\u00e9e la \u00ab\u00a0Florence du Sud\u00a0\u00bb, Lecce est r\u00e9put\u00e9e pour son architecture baroque impressionnante et ses \u00e9glises magnifiques, comme la basilique Santa Croce.<\/p>\n                        \r\n                                            <\/div>\r\n                <\/div>\r\n                            <div class=\"swiper-slide\">\r\n                                            <img decoding=\"async\" src=\"https:\/\/www.xcr-airport.com\/wp-content\/uploads\/2025\/01\/1A5CD206-C5F8-4F1E-A9D3-A72548300626-scaled-1-1.jpg\" alt=\"\">\r\n                                        <div class=\"ik-carousel-caption\">\r\n                                                    <h3><span><\/span>Gastronomie locale<\/h3>\r\n                        \r\n                                                    <p>Les Pouilles sont c\u00e9l\u00e8bres pour leur cuisine d\u00e9licieuse, notamment les orecchiette (p\u00e2tes en forme de petites oreilles), l\u2019huile d\u2019olive extra vierge et les fruits de mer frais.<\/p>\n                        \r\n                                            <\/div>\r\n                <\/div>\r\n                    <\/div>\r\n\r\n                    <div class=\"swiper-nav-arrow\">\r\n                <div class=\"swiper-button swiper-button-prev swiper-prev-ik-69da79c734cfe\">\r\n                    <svg xmlns=\"http:\/\/www.w3.org\/2000\/svg\" width=\"10.732\" height=\"17.684\" viewBox=\"0 0 10.732 17.684\">\r\n                        <path id=\"Icon_awesome-chevron-down\" data-name=\"Icon awesome-chevron-down\" d=\"M8.552,19.13.682,11.26a.972.972,0,0,1,0-1.374L1.6,8.968a.972.972,0,0,1,1.373,0L9.24,15.2l6.267-6.237a.972.972,0,0,1,1.373,0l.918.918a.972.972,0,0,1,0,1.374l-7.87,7.87A.972.972,0,0,1,8.552,19.13Z\" transform=\"translate(-8.683 18.082) rotate(-90)\" fill=\"#000\"\/>\r\n                    <\/svg>\r\n                <\/div>\r\n                <div class=\"swiper-button swiper-button-next swiper-next-ik-69da79c734cfe\">\r\n                    <svg xmlns=\"http:\/\/www.w3.org\/2000\/svg\" width=\"10.732\" height=\"17.684\" viewBox=\"0 0 10.732 17.684\">\r\n                        <path id=\"Icon_awesome-chevron-down\" data-name=\"Icon awesome-chevron-down\" d=\"M8.552,19.13.682,11.26a.972.972,0,0,1,0-1.374L1.6,8.968a.972.972,0,0,1,1.373,0L9.24,15.2l6.267-6.237a.972.972,0,0,1,1.373,0l.918.918a.972.972,0,0,1,0,1.374l-7.87,7.87A.972.972,0,0,1,8.552,19.13Z\" transform=\"translate(-8.683 18.082) rotate(-90)\" fill=\"#000\"\/>\r\n                    <\/svg>\r\n                <\/div>\r\n            <\/div>\r\n        \r\n        \r\n                    <div class=\"swiper-scrollbar swiper-scrollbar-ik-69da79c734cfe\"><\/div>\r\n            <\/div>\r\n<\/div><\/div>\n","protected":false},"excerpt":{"rendered":"<p>Andalusia Andalusia, the sun-soaked heart of Spain, captivates visitors with its historic cities, beaches, and diverse landscapes. With rich culture and vibrant traditions, this region promises unforgettable discoveries. One-off flights prepare your trip Plan your trip with peace of mind with XCR Airport: book your tickets, consult timetables and take advantage of our services for a carefree departure. Discover Andalusia Famous for its majestic palaces, whitewashed villages, and passionate flamenco, Andalusia offers an authentic Spanish experience. From delicious tapas and mountain excursions to colorful festivals, every moment becomes a unique adventure. The Alhambra in Granada A Moorish architectural masterpiece and UNESCO World Heritage site. The Mezquita in C\u00f3rdoba A unique mosque-cathedral symbolizing the blend of cultures. The Alc\u00e1zar of Seville A sumptuous palace with lush gardens showcasing Andalusian refinement. White Villages Picturesque towns with whitewashed houses nestled in the mountains. Flamenco &amp; Tapas Feel the passion of flamenco and enjoy authentic Spanish flavors.<\/p>\n","protected":false},"author":3,"featured_media":7594,"parent":0,"menu_order":0,"comment_status":"closed","ping_status":"closed","template":"","meta":{"_acf_changed":false,"footnotes":""},"class_list":["post-7582","page","type-page","status-publish","has-post-thumbnail","hentry"],"acf":[],"yoast_head":"<!-- This site is optimized with the Yoast SEO plugin v27.3 - https:\/\/yoast.com\/product\/yoast-seo-wordpress\/ -->\n<title>Flights to Italy from XCR Airport - Information and bookings<\/title>\n<meta name=\"description\" content=\"Fly to Italy from XCR Airport: timetables, reservations and practical information for a carefree trip to this destination.\" \/>\n<meta name=\"robots\" content=\"index, follow, max-snippet:-1, max-image-preview:large, max-video-preview:-1\" \/>\n<link rel=\"canonical\" href=\"https:\/\/www.xcr-airport.com\/en\/andalusia\/\" \/>\n<meta name=\"twitter:label1\" content=\"Est. reading time\" \/>\n\t<meta name=\"twitter:data1\" content=\"2 minutes\" \/>\n<script type=\"application\/ld+json\" class=\"yoast-schema-graph\">{\"@context\":\"https:\\\/\\\/schema.org\",\"@graph\":[{\"@type\":\"WebPage\",\"@id\":\"https:\\\/\\\/www.xcr-airport.com\\\/en\\\/andalusia\\\/\",\"url\":\"https:\\\/\\\/www.xcr-airport.com\\\/en\\\/andalusia\\\/\",\"name\":\"Flights to Italy from XCR Airport - Information and bookings\",\"isPartOf\":{\"@id\":\"https:\\\/\\\/www.xcr-airport.com\\\/en\\\/#website\"},\"primaryImageOfPage\":{\"@id\":\"https:\\\/\\\/www.xcr-airport.com\\\/en\\\/andalusia\\\/#primaryimage\"},\"image\":{\"@id\":\"https:\\\/\\\/www.xcr-airport.com\\\/en\\\/andalusia\\\/#primaryimage\"},\"thumbnailUrl\":\"https:\\\/\\\/www.xcr-airport.com\\\/wp-content\\\/uploads\\\/2025\\\/09\\\/andalousie-15-jours-1700x600-2-rotated.jpg\",\"datePublished\":\"2025-10-01T14:07:56+00:00\",\"dateModified\":\"2025-10-02T13:38:59+00:00\",\"description\":\"Fly to Italy from XCR Airport: timetables, reservations and practical information for a carefree trip to this destination.\",\"breadcrumb\":{\"@id\":\"https:\\\/\\\/www.xcr-airport.com\\\/en\\\/andalusia\\\/#breadcrumb\"},\"inLanguage\":\"en-UK\",\"potentialAction\":[{\"@type\":\"ReadAction\",\"target\":[\"https:\\\/\\\/www.xcr-airport.com\\\/en\\\/andalusia\\\/\"]}]},{\"@type\":\"ImageObject\",\"inLanguage\":\"en-UK\",\"@id\":\"https:\\\/\\\/www.xcr-airport.com\\\/en\\\/andalusia\\\/#primaryimage\",\"url\":\"https:\\\/\\\/www.xcr-airport.com\\\/wp-content\\\/uploads\\\/2025\\\/09\\\/andalousie-15-jours-1700x600-2-rotated.jpg\",\"contentUrl\":\"https:\\\/\\\/www.xcr-airport.com\\\/wp-content\\\/uploads\\\/2025\\\/09\\\/andalousie-15-jours-1700x600-2-rotated.jpg\",\"width\":1700,\"height\":600,\"caption\":\"Aerial panoramic view of the old city rooftops and Cathedral de Santa Cruz in the morning from tower Tavira in Cadiz, Andalusia, Spain\"},{\"@type\":\"BreadcrumbList\",\"@id\":\"https:\\\/\\\/www.xcr-airport.com\\\/en\\\/andalusia\\\/#breadcrumb\",\"itemListElement\":[{\"@type\":\"ListItem\",\"position\":1,\"name\":\"Home\",\"item\":\"https:\\\/\\\/www.xcr-airport.com\\\/en\\\/\"},{\"@type\":\"ListItem\",\"position\":2,\"name\":\"andalusia\"}]},{\"@type\":\"WebSite\",\"@id\":\"https:\\\/\\\/www.xcr-airport.com\\\/en\\\/#website\",\"url\":\"https:\\\/\\\/www.xcr-airport.com\\\/en\\\/\",\"name\":\"XCR Airport\",\"description\":\"\",\"publisher\":{\"@id\":\"https:\\\/\\\/www.xcr-airport.com\\\/en\\\/#organization\"},\"potentialAction\":[{\"@type\":\"SearchAction\",\"target\":{\"@type\":\"EntryPoint\",\"urlTemplate\":\"https:\\\/\\\/www.xcr-airport.com\\\/en\\\/?s={search_term_string}\"},\"query-input\":{\"@type\":\"PropertyValueSpecification\",\"valueRequired\":true,\"valueName\":\"search_term_string\"}}],\"inLanguage\":\"en-UK\"},{\"@type\":\"Organization\",\"@id\":\"https:\\\/\\\/www.xcr-airport.com\\\/en\\\/#organization\",\"name\":\"XCR Airport\",\"url\":\"https:\\\/\\\/www.xcr-airport.com\\\/en\\\/\",\"logo\":{\"@type\":\"ImageObject\",\"inLanguage\":\"en-UK\",\"@id\":\"https:\\\/\\\/www.xcr-airport.com\\\/en\\\/#\\\/schema\\\/logo\\\/image\\\/\",\"url\":\"https:\\\/\\\/www.xcr-airport.com\\\/wp-content\\\/uploads\\\/2024\\\/10\\\/cropped-logo-xcr-airport.png\",\"contentUrl\":\"https:\\\/\\\/www.xcr-airport.com\\\/wp-content\\\/uploads\\\/2024\\\/10\\\/cropped-logo-xcr-airport.png\",\"width\":240,\"height\":136,\"caption\":\"XCR Airport\"},\"image\":{\"@id\":\"https:\\\/\\\/www.xcr-airport.com\\\/en\\\/#\\\/schema\\\/logo\\\/image\\\/\"}}]}<\/script>\n<!-- \/ Yoast SEO plugin. -->","yoast_head_json":{"title":"Flights to Italy from XCR Airport - Information and bookings","description":"Fly to Italy from XCR Airport: timetables, reservations and practical information for a carefree trip to this destination.","robots":{"index":"index","follow":"follow","max-snippet":"max-snippet:-1","max-image-preview":"max-image-preview:large","max-video-preview":"max-video-preview:-1"},"canonical":"https:\/\/www.xcr-airport.com\/en\/andalusia\/","twitter_misc":{"Est. reading time":"2 minutes"},"schema":{"@context":"https:\/\/schema.org","@graph":[{"@type":"WebPage","@id":"https:\/\/www.xcr-airport.com\/en\/andalusia\/","url":"https:\/\/www.xcr-airport.com\/en\/andalusia\/","name":"Flights to Italy from XCR Airport - Information and bookings","isPartOf":{"@id":"https:\/\/www.xcr-airport.com\/en\/#website"},"primaryImageOfPage":{"@id":"https:\/\/www.xcr-airport.com\/en\/andalusia\/#primaryimage"},"image":{"@id":"https:\/\/www.xcr-airport.com\/en\/andalusia\/#primaryimage"},"thumbnailUrl":"https:\/\/www.xcr-airport.com\/wp-content\/uploads\/2025\/09\/andalousie-15-jours-1700x600-2-rotated.jpg","datePublished":"2025-10-01T14:07:56+00:00","dateModified":"2025-10-02T13:38:59+00:00","description":"Fly to Italy from XCR Airport: timetables, reservations and practical information for a carefree trip to this destination.","breadcrumb":{"@id":"https:\/\/www.xcr-airport.com\/en\/andalusia\/#breadcrumb"},"inLanguage":"en-UK","potentialAction":[{"@type":"ReadAction","target":["https:\/\/www.xcr-airport.com\/en\/andalusia\/"]}]},{"@type":"ImageObject","inLanguage":"en-UK","@id":"https:\/\/www.xcr-airport.com\/en\/andalusia\/#primaryimage","url":"https:\/\/www.xcr-airport.com\/wp-content\/uploads\/2025\/09\/andalousie-15-jours-1700x600-2-rotated.jpg","contentUrl":"https:\/\/www.xcr-airport.com\/wp-content\/uploads\/2025\/09\/andalousie-15-jours-1700x600-2-rotated.jpg","width":1700,"height":600,"caption":"Aerial panoramic view of the old city rooftops and Cathedral de Santa Cruz in the morning from tower Tavira in Cadiz, Andalusia, Spain"},{"@type":"BreadcrumbList","@id":"https:\/\/www.xcr-airport.com\/en\/andalusia\/#breadcrumb","itemListElement":[{"@type":"ListItem","position":1,"name":"Home","item":"https:\/\/www.xcr-airport.com\/en\/"},{"@type":"ListItem","position":2,"name":"andalusia"}]},{"@type":"WebSite","@id":"https:\/\/www.xcr-airport.com\/en\/#website","url":"https:\/\/www.xcr-airport.com\/en\/","name":"XCR Airport","description":"","publisher":{"@id":"https:\/\/www.xcr-airport.com\/en\/#organization"},"potentialAction":[{"@type":"SearchAction","target":{"@type":"EntryPoint","urlTemplate":"https:\/\/www.xcr-airport.com\/en\/?s={search_term_string}"},"query-input":{"@type":"PropertyValueSpecification","valueRequired":true,"valueName":"search_term_string"}}],"inLanguage":"en-UK"},{"@type":"Organization","@id":"https:\/\/www.xcr-airport.com\/en\/#organization","name":"XCR Airport","url":"https:\/\/www.xcr-airport.com\/en\/","logo":{"@type":"ImageObject","inLanguage":"en-UK","@id":"https:\/\/www.xcr-airport.com\/en\/#\/schema\/logo\/image\/","url":"https:\/\/www.xcr-airport.com\/wp-content\/uploads\/2024\/10\/cropped-logo-xcr-airport.png","contentUrl":"https:\/\/www.xcr-airport.com\/wp-content\/uploads\/2024\/10\/cropped-logo-xcr-airport.png","width":240,"height":136,"caption":"XCR Airport"},"image":{"@id":"https:\/\/www.xcr-airport.com\/en\/#\/schema\/logo\/image\/"}}]}},"_links":{"self":[{"href":"https:\/\/www.xcr-airport.com\/en\/wp-json\/wp\/v2\/pages\/7582","targetHints":{"allow":["GET"]}}],"collection":[{"href":"https:\/\/www.xcr-airport.com\/en\/wp-json\/wp\/v2\/pages"}],"about":[{"href":"https:\/\/www.xcr-airport.com\/en\/wp-json\/wp\/v2\/types\/page"}],"author":[{"embeddable":true,"href":"https:\/\/www.xcr-airport.com\/en\/wp-json\/wp\/v2\/users\/3"}],"replies":[{"embeddable":true,"href":"https:\/\/www.xcr-airport.com\/en\/wp-json\/wp\/v2\/comments?post=7582"}],"version-history":[{"count":8,"href":"https:\/\/www.xcr-airport.com\/en\/wp-json\/wp\/v2\/pages\/7582\/revisions"}],"predecessor-version":[{"id":7830,"href":"https:\/\/www.xcr-airport.com\/en\/wp-json\/wp\/v2\/pages\/7582\/revisions\/7830"}],"wp:featuredmedia":[{"embeddable":true,"href":"https:\/\/www.xcr-airport.com\/en\/wp-json\/wp\/v2\/media\/7594"}],"wp:attachment":[{"href":"https:\/\/www.xcr-airport.com\/en\/wp-json\/wp\/v2\/media?parent=7582"}],"curies":[{"name":"wp","href":"https:\/\/api.w.org\/{rel}","templated":true}]}}