{"id":6293,"date":"2024-10-15T15:05:20","date_gmt":"2024-10-15T13:05:20","guid":{"rendered":"https:\/\/www.xcr-airport.com\/discover-champagne\/"},"modified":"2025-02-26T11:03:07","modified_gmt":"2025-02-26T10:03:07","slug":"discover-champagne","status":"publish","type":"page","link":"https:\/\/www.xcr-airport.com\/en\/discover-champagne\/","title":{"rendered":"Discover champagne"},"content":{"rendered":"\n<div style=\"background-image:url(&apos;https:\/\/www.xcr-airport.com\/wp-content\/uploads\/2024\/10\/xcr-la-champagne.jpg&apos;);background-position:50% 0;background-size:cover;\" class=\"wp-block-group intro is-layout-flow wp-block-group-is-layout-flow has-background\">\n<div class=\"wp-block-group bloc-intro-arrow-white is-layout-constrained wp-block-group-is-layout-constrained\">\n<div class=\"wp-block-group top-part has-background is-layout-constrained wp-block-group-is-layout-constrained\" style=\"background-color:#fefeff\">\n<h1 class=\"wp-block-heading has-primary-color has-text-color has-link-color wp-elements-69ea6d8ad23e173e374093f274087b27\"><em>Discover <\/em><br>la champagne<\/h1>\n<\/div>\n\n\n\n<div class=\"wp-block-group bot-part has-background is-layout-constrained wp-block-group-is-layout-constrained\" style=\"background-color:#ffffff\">\n<p class=\"has-primary-color has-text-color has-link-color wp-elements-312edabc4961983d9d679c9dc7295349\">Authentic and precious, discover all the facets of Champagne via XCR Airport.<\/p>\n\n\n\n<p>A land of expertise, discover all the secrets of Champagne, its hillsides, its houses, its kilometers of cellars and its UNESCO World Heritage sites.<\/p>\n\n\n\n<p class=\"has-primary-color has-text-color has-link-color wp-elements-96a710e3eefb1843cd5d197f11b3f6fa\"><strong>Immerse yourself in the history of this region, which has gone on to forge the History of France.<\/strong><\/p>\n\n\n\n<div class=\"wp-block-buttons is-layout-flex wp-block-buttons-is-layout-flex\">\n<div class=\"wp-block-button is-style-fill\"><a class=\"wp-block-button__link has-tertiary-color has-text-color has-link-color wp-element-button\" href=\"#savoir-plus\">Find out more<\/a><\/div>\n<\/div>\n<\/div>\n<\/div>\n<\/div>\n\n\n\n<div class=\"wp-block-group section-ancre has-fifth-background-color has-background is-layout-constrained wp-block-group-is-layout-constrained\">\n<div id=\"savoir-plus\" class=\"wp-block-group is-nowrap is-layout-flex wp-container-core-group-is-layout-ad2f72ca wp-block-group-is-layout-flex\">\n<p class=\"has-text-align-center has-fourth-color has-text-color has-link-color wp-elements-b700cde91291caf6199938188cf201c0\"><a href=\"#region\"><strong>The Grand Est<br>Region<\/strong><\/a><\/p>\n\n\n\n<p class=\"has-text-align-center has-fourth-color has-text-color has-link-color wp-elements-0e492abd3cee7726179d5aad25af8566\"><a href=\"#champagne\"><strong>Ch\u00e2lons-en-<br>Champagne<\/strong><\/a><\/p>\n\n\n\n<p class=\"has-text-align-center has-fourth-color has-text-color has-link-color wp-elements-1763a6f67daceead512285fe73b5d220\"><a href=\"#epernay\"><strong>\u00c9pernay<\/strong><\/a><\/p>\n\n\n\n<p class=\"has-text-align-center has-fourth-color has-text-color has-link-color wp-elements-17886611cc0a60af27d2deaa42b4bc4c\"><a href=\"#reims\"><strong>Reims, city of art <br>and history<\/strong><\/a><\/p>\n\n\n\n<p class=\"has-text-align-center has-fourth-color has-text-color has-link-color wp-elements-376256555e7af39dc7adc4b9222dc400\"><a href=\"#aube\"><strong>Aube <br>en Champagne<\/strong><\/a><\/p>\n\n\n\n<p class=\"has-text-align-center has-fourth-color has-text-color has-link-color wp-elements-8c53c98f07a926eff0dd4c22fb01f99c\"><a href=\"#paris\"><strong>Paris, enjoy <br>the big game<\/strong><\/a><\/p>\n<\/div>\n<\/div>\n\n\n\n<div id=\"region\" class=\"wp-block-group section-bloc-img reverse is-nowrap is-layout-flex wp-container-core-group-is-layout-ad2f72ca wp-block-group-is-layout-flex\">\n<figure class=\"wp-block-image size-large\"><img decoding=\"async\" width=\"1024\" height=\"575\" src=\"https:\/\/www.xcr-airport.com\/wp-content\/uploads\/2025\/02\/Automne-2023-11-06-Samuel-Grebil-_-RGE-1-1024x575.jpg\" alt=\"\" class=\"wp-image-7307\" srcset=\"https:\/\/www.xcr-airport.com\/wp-content\/uploads\/2025\/02\/Automne-2023-11-06-Samuel-Grebil-_-RGE-1-1024x575.jpg 1024w, https:\/\/www.xcr-airport.com\/wp-content\/uploads\/2025\/02\/Automne-2023-11-06-Samuel-Grebil-_-RGE-1-300x169.jpg 300w, https:\/\/www.xcr-airport.com\/wp-content\/uploads\/2025\/02\/Automne-2023-11-06-Samuel-Grebil-_-RGE-1-768x432.jpg 768w, https:\/\/www.xcr-airport.com\/wp-content\/uploads\/2025\/02\/Automne-2023-11-06-Samuel-Grebil-_-RGE-1-1536x863.jpg 1536w, https:\/\/www.xcr-airport.com\/wp-content\/uploads\/2025\/02\/Automne-2023-11-06-Samuel-Grebil-_-RGE-1-2048x1151.jpg 2048w\" sizes=\"(max-width: 1024px) 100vw, 1024px\" \/><\/figure>\n\n\n\n<div class=\"wp-block-group has-primary-background-color has-background is-layout-constrained wp-block-group-is-layout-constrained\">\n<div class=\"wp-block-group is-nowrap is-layout-flex wp-container-core-group-is-layout-ad2f72ca wp-block-group-is-layout-flex\">\n<h2 class=\"wp-block-heading\">La R\u00e9gion                     Grand est<\/h2>\n<\/div>\n\n\n\n<ul class=\"wp-block-list\">\n<li>The Grand Est Region, formed from the merger of Alsace, Champagne-Ardenne, and Lorraine, combines cultural wealth, a dynamic economy, and a strategic position. Innovative and committed to industrial, digital, energy, and ecological transitions, it adapts its training programs to the jobs of tomorrow and develops sustainable transport solutions.<br><br>Learn more : <a href=\"http:\/\/www.grandest.fr\">www.grandest.fr<\/a><\/li>\n<\/ul>\n<\/div>\n<\/div>\n\n\n\n<div class=\"wp-block-group is-layout-constrained wp-container-core-group-is-layout-61e3e2ba wp-block-group-is-layout-constrained\" style=\"min-height:0px;margin-top:var(--wp--preset--spacing--large);margin-bottom:var(--wp--preset--spacing--large);padding-right:300px;padding-left:300px\">\n<h2 class=\"wp-block-heading alignwide has-text-align-center has-title-3-xl-font-size\"><strong>Video presentation of our Grand Est Region<\/strong><\/h2>\n\n\n\n<figure class=\"wp-block-video aligncenter\"><video height=\"1080\" style=\"aspect-ratio: 1920 \/ 1080;\" width=\"1920\" controls muted poster=\"https:\/\/www.xcr-airport.com\/wp-content\/uploads\/2025\/02\/LALCHIMIE-Partez-a-la-decouverte-des-6-destinations-du-Grand-Est-mp4-image.png\" src=\"https:\/\/www.xcr-airport.com\/wp-content\/uploads\/2025\/02\/LALCHIMIE-Partez-a-la-decouverte-des-6-destinations-du-Grand-Est.mp4\"><\/video><\/figure>\n<\/div>\n\n\n\n<div id=\"champagne\" class=\"wp-block-group section-bloc-img is-nowrap is-layout-flex wp-container-core-group-is-layout-ad2f72ca wp-block-group-is-layout-flex\">\n<div class=\"wp-block-group has-secondary-background-color has-background is-layout-constrained wp-block-group-is-layout-constrained\">\n<div class=\"wp-block-group is-nowrap is-layout-flex wp-container-core-group-is-layout-ad2f72ca wp-block-group-is-layout-flex\">\n<h2 class=\"wp-block-heading\">Ch\u00e2lons-en-<br>Champagne<\/h2>\n<\/div>\n\n\n\n<p>Just 20 minutes from the airport, discover Ch\u00e2lons-en-Champagne, also known as the sparkling Venice.<\/p>\n\n\n\n<ul class=\"wp-block-list\">\n<li><strong>Boat trips: M\u00e9tamorph&#8217;eau&#8217;ses show&#8230;<\/strong> <br><strong>A city of art and history, let yourself be carried away by the gentle pace of life during your visit and enjoy the many<\/strong> <strong>festivals organized throughout the year.<\/strong><br><br><strong>Find out all the latest news about the town on<br><\/strong><a href=\"http:\/\/www.chalons-tourisme.com\"><strong>www.chalons-tourisme.com<\/strong><\/a><\/li>\n<\/ul>\n<\/div>\n\n\n\n<figure class=\"wp-block-image size-large\"><img decoding=\"async\" width=\"1024\" height=\"668\" src=\"https:\/\/www.xcr-airport.com\/wp-content\/uploads\/2024\/10\/xcr-chalon-en-champagne-1024x668.jpg\" alt=\"xcr-chalon-en-champagne\" class=\"wp-image-5478\" srcset=\"https:\/\/www.xcr-airport.com\/wp-content\/uploads\/2024\/10\/xcr-chalon-en-champagne-1024x668.jpg 1024w, https:\/\/www.xcr-airport.com\/wp-content\/uploads\/2024\/10\/xcr-chalon-en-champagne-300x196.jpg 300w, https:\/\/www.xcr-airport.com\/wp-content\/uploads\/2024\/10\/xcr-chalon-en-champagne-768x501.jpg 768w, https:\/\/www.xcr-airport.com\/wp-content\/uploads\/2024\/10\/xcr-chalon-en-champagne.jpg 1088w\" sizes=\"(max-width: 1024px) 100vw, 1024px\" \/><\/figure>\n<\/div>\n\n\n\n<div class=\"wp-block-group is-layout-constrained wp-container-core-group-is-layout-ed11df2c wp-block-group-is-layout-constrained\" style=\"padding-right:300px;padding-left:300px\">\n<h2 class=\"wp-block-heading alignwide has-text-align-center has-title-2-xl-font-size\">Cuv\u00e9e royale<\/h2>\n\n\n\n<p class=\"has-text-align-center has-title-3-font-size\">A short film by the Tourist Office<\/p>\n\n\n\n<figure class=\"wp-block-video aligncenter\"><video height=\"1038\" style=\"aspect-ratio: 1920 \/ 1038;\" width=\"1920\" controls poster=\"https:\/\/www.xcr-airport.com\/wp-content\/uploads\/2024\/11\/Cuvee-Royale-Chalons-en-Champagne-mp4-image.png\" src=\"https:\/\/www.xcr-airport.com\/wp-content\/uploads\/2024\/11\/Cuvee-Royale-English-Version.mp4\"><\/video><figcaption class=\"wp-element-caption\"><em>Cuv\u00e9e Royale has disappeared. Agent 51 must find it. Will he succeed? Discover the new short film from Ch\u00e2lons-en-Champagne Tourist Office, directed by L\u00e9o Ginailhac.   <br><a href=\"mailto:?body=https:\/\/www.chalons-tourisme.com\/decouvrir\/cuveeroyale\/\" target=\"_blank\" rel=\"noreferrer noopener\"><\/a><br><\/em><\/figcaption><\/figure>\n<\/div>\n\n\n\n<div id=\"epernay\" class=\"wp-block-group section-bloc-img reverse is-nowrap is-layout-flex wp-container-core-group-is-layout-ad2f72ca wp-block-group-is-layout-flex\">\n<figure class=\"wp-block-image size-large\"><img decoding=\"async\" width=\"1024\" height=\"668\" src=\"https:\/\/www.xcr-airport.com\/wp-content\/uploads\/2024\/10\/xcr-epernay-1024x668.jpg\" alt=\"xcr-epernay\" class=\"wp-image-5479\" srcset=\"https:\/\/www.xcr-airport.com\/wp-content\/uploads\/2024\/10\/xcr-epernay-1024x668.jpg 1024w, https:\/\/www.xcr-airport.com\/wp-content\/uploads\/2024\/10\/xcr-epernay-300x196.jpg 300w, https:\/\/www.xcr-airport.com\/wp-content\/uploads\/2024\/10\/xcr-epernay-768x501.jpg 768w, https:\/\/www.xcr-airport.com\/wp-content\/uploads\/2024\/10\/xcr-epernay.jpg 1088w\" sizes=\"(max-width: 1024px) 100vw, 1024px\" \/><\/figure>\n\n\n\n<div class=\"wp-block-group has-primary-background-color has-background is-layout-constrained wp-block-group-is-layout-constrained\">\n<div class=\"wp-block-group is-nowrap is-layout-flex wp-container-core-group-is-layout-ad2f72ca wp-block-group-is-layout-flex\">\n<h2 class=\"wp-block-heading\">Discover <br>Epernay<\/h2>\n<\/div>\n\n\n\n<p>Just a 50-minute drive from XCR Airport, Epernay, the capital of Champagne, welcomes you for a sparkling adventure.<\/p>\n\n\n\n<ul class=\"wp-block-list\">\n<li>Discover the Avenue de Champagne, <br>nicknamed the &#8220;Champs-\u00c9lys\u00e9es of \u00c9pernay&#8221;, with its famous houses and 110 km of cellars housing 200 million bottles. Listed as a UNESCO World Heritage Site since 2015, it&#8217;s one of the must-sees on the Champagne Wine Route. <br><br>Further information: <a href=\"http:\/\/www.ot-epernay.fr\" target=\"_blank\" rel=\"noreferrer noopener\">www.ot-epernay.fr.<\/a><\/li>\n<\/ul>\n<\/div>\n<\/div>\n\n\n\n<div style=\"background-image:url(&apos;https:\/\/www.xcr-airport.com\/wp-content\/uploads\/2024\/10\/xcr-categorie-fret-solutions.jpg&apos;);background-position:50% 0;background-size:cover;\" class=\"wp-block-group section-fond-block is-layout-flow wp-block-group-is-layout-flow has-background\">\n<h2 class=\"wp-block-heading has-text-align-center\">Prepare your stay<br>en champagne<\/h2>\n\n\n\n<p class=\"has-text-align-center\">Discover its vineyards, prestigious cellars and unique landscapes.<\/p>\n\n\n\n<div class=\"wp-block-buttons is-content-justification-center is-layout-flex wp-container-core-buttons-is-layout-16018d1d wp-block-buttons-is-layout-flex\">\n<div class=\"wp-block-button is-style-fill\"><a class=\"wp-block-button__link has-tertiary-color has-text-color has-link-color wp-element-button\" href=\"https:\/\/www.xcr-airport.com\/en\/contact\/\">Contact<\/a><\/div>\n<\/div>\n<\/div>\n\n\n\n<div id=\"reims\" class=\"wp-block-group section-bloc-img is-nowrap is-layout-flex wp-container-core-group-is-layout-ad2f72ca wp-block-group-is-layout-flex\">\n<div class=\"wp-block-group has-secondary-background-color has-background is-layout-constrained wp-block-group-is-layout-constrained\">\n<div class=\"wp-block-group is-nowrap is-layout-flex wp-container-core-group-is-layout-ad2f72ca wp-block-group-is-layout-flex\">\n<h2 class=\"wp-block-heading\">reims, city of art <br>and history<\/h2>\n<\/div>\n\n\n\n<p>Just 45 minutes from the airport, discover Reims. A city of art and history awaits you, with its must-see sites. <\/p>\n\n\n\n<ul class=\"wp-block-list\">\n<li>Discover Notre-Dame Cathedral, the Palais du Tau and the Basilique Saint-Remi, witnesses to the history of Reims. Savor the world of champagne and its gastronomy, with 250 kilometers of cellars and Gallo-Roman pits. <br><br><strong>Find out more at <a href=\"http:\/\/www.reims-tourisme.com\" target=\"_blank\" rel=\"noreferrer noopener\">www.reims-tourisme.com<\/a><\/strong><\/li>\n<\/ul>\n<\/div>\n\n\n\n<figure class=\"wp-block-image size-large\"><img decoding=\"async\" width=\"1024\" height=\"668\" src=\"https:\/\/www.xcr-airport.com\/wp-content\/uploads\/2024\/10\/xcr-reims-1024x668.jpg\" alt=\"xcr-reims\" class=\"wp-image-5480\" srcset=\"https:\/\/www.xcr-airport.com\/wp-content\/uploads\/2024\/10\/xcr-reims-1024x668.jpg 1024w, https:\/\/www.xcr-airport.com\/wp-content\/uploads\/2024\/10\/xcr-reims-300x196.jpg 300w, https:\/\/www.xcr-airport.com\/wp-content\/uploads\/2024\/10\/xcr-reims-768x501.jpg 768w, https:\/\/www.xcr-airport.com\/wp-content\/uploads\/2024\/10\/xcr-reims.jpg 1088w\" sizes=\"(max-width: 1024px) 100vw, 1024px\" \/><\/figure>\n<\/div>\n\n\n\n<div id=\"aube\" class=\"wp-block-group section-bloc-img reverse is-nowrap is-layout-flex wp-container-core-group-is-layout-ad2f72ca wp-block-group-is-layout-flex\">\n<figure class=\"wp-block-image size-large\"><img decoding=\"async\" width=\"1024\" height=\"668\" src=\"https:\/\/www.xcr-airport.com\/wp-content\/uploads\/2024\/10\/xcr-aube-1024x668.jpg\" alt=\"xcr-aube\" class=\"wp-image-5481\" srcset=\"https:\/\/www.xcr-airport.com\/wp-content\/uploads\/2024\/10\/xcr-aube-1024x668.jpg 1024w, https:\/\/www.xcr-airport.com\/wp-content\/uploads\/2024\/10\/xcr-aube-300x196.jpg 300w, https:\/\/www.xcr-airport.com\/wp-content\/uploads\/2024\/10\/xcr-aube-768x501.jpg 768w, https:\/\/www.xcr-airport.com\/wp-content\/uploads\/2024\/10\/xcr-aube.jpg 1088w\" sizes=\"(max-width: 1024px) 100vw, 1024px\" \/><\/figure>\n\n\n\n<div class=\"wp-block-group has-primary-background-color has-background is-layout-constrained wp-block-group-is-layout-constrained\">\n<div class=\"wp-block-group is-nowrap is-layout-flex wp-container-core-group-is-layout-ad2f72ca wp-block-group-is-layout-flex\">\n<h2 class=\"wp-block-heading\">l&#8217;aube en <br>champagne<\/h2>\n<\/div>\n\n\n\n<p>Just 35 minutes from the airport, discover Troyes, capital of the Dukes of Champagne in the Middle Ages.<\/p>\n\n\n\n<ul class=\"wp-block-list\">\n<li>Stroll through the narrow streets of Troyes&#8217; timber-framed houses and explore Europe&#8217;s largest brand center. Follow in the footsteps of the Knights Templar and the Champagne tourist route. <br><br>Organize your stay at <a href=\"http:\/\/www.aube-champagne.com\" target=\"_blank\" rel=\"noreferrer noopener\">www.aube-champagne.com<\/a><\/li>\n<\/ul>\n<\/div>\n<\/div>\n","protected":false},"excerpt":{"rendered":"<p>Discover la champagne Authentic and precious, discover all the facets of Champagne via XCR Airport. A land of expertise, discover all the secrets of Champagne, its hillsides, its houses, its kilometers of cellars and its UNESCO World Heritage sites. Immerse yourself in the history of this region, which has gone on to forge the History of France. The Grand EstRegion Ch\u00e2lons-en-Champagne \u00c9pernay Reims, city of art and history Aube en Champagne Paris, enjoy the big game La R\u00e9gion Grand est Video presentation of our Grand Est Region Ch\u00e2lons-en-Champagne Just 20 minutes from the airport, discover Ch\u00e2lons-en-Champagne, also known as the sparkling Venice. Cuv\u00e9e royale A short film by the Tourist Office Discover Epernay Just a 50-minute drive from XCR Airport, Epernay, the capital of Champagne, welcomes you for a sparkling adventure. Prepare your stayen champagne Discover its vineyards, prestigious cellars and unique landscapes. reims, city of art and history Just 45 minutes from the airport, discover Reims. A city of art and history awaits you, with its must-see sites. l&#8217;aube en champagne Just 35 minutes from the airport, discover Troyes, capital of the Dukes of Champagne in the Middle Ages.<\/p>\n","protected":false},"author":1,"featured_media":0,"parent":0,"menu_order":0,"comment_status":"closed","ping_status":"closed","template":"","meta":{"_acf_changed":false,"footnotes":""},"class_list":["post-6293","page","type-page","status-publish","hentry"],"acf":[],"yoast_head":"<!-- This site is optimized with the Yoast SEO plugin v27.3 - https:\/\/yoast.com\/product\/yoast-seo-wordpress\/ -->\n<title>Discover Champagne in the vicinity of XCR Airport<\/title>\n<meta name=\"description\" content=\"Discover the Champagne region from XCR Airport: wine tourism, UNESCO sites and historical heritage for a unique stay.\" \/>\n<meta name=\"robots\" content=\"index, follow, max-snippet:-1, max-image-preview:large, max-video-preview:-1\" \/>\n<link rel=\"canonical\" href=\"https:\/\/www.xcr-airport.com\/en\/discover-champagne\/\" \/>\n<meta name=\"twitter:label1\" content=\"Est. reading time\" \/>\n\t<meta name=\"twitter:data1\" content=\"4 minutes\" \/>\n<script type=\"application\/ld+json\" class=\"yoast-schema-graph\">{\"@context\":\"https:\\\/\\\/schema.org\",\"@graph\":[{\"@type\":\"WebPage\",\"@id\":\"https:\\\/\\\/www.xcr-airport.com\\\/en\\\/discover-champagne\\\/\",\"url\":\"https:\\\/\\\/www.xcr-airport.com\\\/en\\\/discover-champagne\\\/\",\"name\":\"Discover Champagne in the vicinity of XCR Airport\",\"isPartOf\":{\"@id\":\"https:\\\/\\\/www.xcr-airport.com\\\/en\\\/#website\"},\"primaryImageOfPage\":{\"@id\":\"https:\\\/\\\/www.xcr-airport.com\\\/en\\\/discover-champagne\\\/#primaryimage\"},\"image\":{\"@id\":\"https:\\\/\\\/www.xcr-airport.com\\\/en\\\/discover-champagne\\\/#primaryimage\"},\"thumbnailUrl\":\"https:\\\/\\\/www.xcr-airport.com\\\/wp-content\\\/uploads\\\/2025\\\/02\\\/Automne-2023-11-06-Samuel-Grebil-_-RGE-1-1024x575.jpg\",\"datePublished\":\"2024-10-15T13:05:20+00:00\",\"dateModified\":\"2025-02-26T10:03:07+00:00\",\"description\":\"Discover the Champagne region from XCR Airport: wine tourism, UNESCO sites and historical heritage for a unique stay.\",\"breadcrumb\":{\"@id\":\"https:\\\/\\\/www.xcr-airport.com\\\/en\\\/discover-champagne\\\/#breadcrumb\"},\"inLanguage\":\"en-UK\",\"potentialAction\":[{\"@type\":\"ReadAction\",\"target\":[\"https:\\\/\\\/www.xcr-airport.com\\\/en\\\/discover-champagne\\\/\"]}]},{\"@type\":\"ImageObject\",\"inLanguage\":\"en-UK\",\"@id\":\"https:\\\/\\\/www.xcr-airport.com\\\/en\\\/discover-champagne\\\/#primaryimage\",\"url\":\"https:\\\/\\\/www.xcr-airport.com\\\/wp-content\\\/uploads\\\/2025\\\/02\\\/Automne-2023-11-06-Samuel-Grebil-_-RGE-1-1024x575.jpg\",\"contentUrl\":\"https:\\\/\\\/www.xcr-airport.com\\\/wp-content\\\/uploads\\\/2025\\\/02\\\/Automne-2023-11-06-Samuel-Grebil-_-RGE-1-1024x575.jpg\"},{\"@type\":\"BreadcrumbList\",\"@id\":\"https:\\\/\\\/www.xcr-airport.com\\\/en\\\/discover-champagne\\\/#breadcrumb\",\"itemListElement\":[{\"@type\":\"ListItem\",\"position\":1,\"name\":\"Home\",\"item\":\"https:\\\/\\\/www.xcr-airport.com\\\/en\\\/\"},{\"@type\":\"ListItem\",\"position\":2,\"name\":\"Discover champagne\"}]},{\"@type\":\"WebSite\",\"@id\":\"https:\\\/\\\/www.xcr-airport.com\\\/en\\\/#website\",\"url\":\"https:\\\/\\\/www.xcr-airport.com\\\/en\\\/\",\"name\":\"XCR Airport\",\"description\":\"\",\"publisher\":{\"@id\":\"https:\\\/\\\/www.xcr-airport.com\\\/en\\\/#organization\"},\"potentialAction\":[{\"@type\":\"SearchAction\",\"target\":{\"@type\":\"EntryPoint\",\"urlTemplate\":\"https:\\\/\\\/www.xcr-airport.com\\\/en\\\/?s={search_term_string}\"},\"query-input\":{\"@type\":\"PropertyValueSpecification\",\"valueRequired\":true,\"valueName\":\"search_term_string\"}}],\"inLanguage\":\"en-UK\"},{\"@type\":\"Organization\",\"@id\":\"https:\\\/\\\/www.xcr-airport.com\\\/en\\\/#organization\",\"name\":\"XCR Airport\",\"url\":\"https:\\\/\\\/www.xcr-airport.com\\\/en\\\/\",\"logo\":{\"@type\":\"ImageObject\",\"inLanguage\":\"en-UK\",\"@id\":\"https:\\\/\\\/www.xcr-airport.com\\\/en\\\/#\\\/schema\\\/logo\\\/image\\\/\",\"url\":\"https:\\\/\\\/www.xcr-airport.com\\\/wp-content\\\/uploads\\\/2024\\\/10\\\/cropped-logo-xcr-airport.png\",\"contentUrl\":\"https:\\\/\\\/www.xcr-airport.com\\\/wp-content\\\/uploads\\\/2024\\\/10\\\/cropped-logo-xcr-airport.png\",\"width\":240,\"height\":136,\"caption\":\"XCR Airport\"},\"image\":{\"@id\":\"https:\\\/\\\/www.xcr-airport.com\\\/en\\\/#\\\/schema\\\/logo\\\/image\\\/\"}}]}<\/script>\n<!-- \/ Yoast SEO plugin. -->","yoast_head_json":{"title":"Discover Champagne in the vicinity of XCR Airport","description":"Discover the Champagne region from XCR Airport: wine tourism, UNESCO sites and historical heritage for a unique stay.","robots":{"index":"index","follow":"follow","max-snippet":"max-snippet:-1","max-image-preview":"max-image-preview:large","max-video-preview":"max-video-preview:-1"},"canonical":"https:\/\/www.xcr-airport.com\/en\/discover-champagne\/","twitter_misc":{"Est. reading time":"4 minutes"},"schema":{"@context":"https:\/\/schema.org","@graph":[{"@type":"WebPage","@id":"https:\/\/www.xcr-airport.com\/en\/discover-champagne\/","url":"https:\/\/www.xcr-airport.com\/en\/discover-champagne\/","name":"Discover Champagne in the vicinity of XCR Airport","isPartOf":{"@id":"https:\/\/www.xcr-airport.com\/en\/#website"},"primaryImageOfPage":{"@id":"https:\/\/www.xcr-airport.com\/en\/discover-champagne\/#primaryimage"},"image":{"@id":"https:\/\/www.xcr-airport.com\/en\/discover-champagne\/#primaryimage"},"thumbnailUrl":"https:\/\/www.xcr-airport.com\/wp-content\/uploads\/2025\/02\/Automne-2023-11-06-Samuel-Grebil-_-RGE-1-1024x575.jpg","datePublished":"2024-10-15T13:05:20+00:00","dateModified":"2025-02-26T10:03:07+00:00","description":"Discover the Champagne region from XCR Airport: wine tourism, UNESCO sites and historical heritage for a unique stay.","breadcrumb":{"@id":"https:\/\/www.xcr-airport.com\/en\/discover-champagne\/#breadcrumb"},"inLanguage":"en-UK","potentialAction":[{"@type":"ReadAction","target":["https:\/\/www.xcr-airport.com\/en\/discover-champagne\/"]}]},{"@type":"ImageObject","inLanguage":"en-UK","@id":"https:\/\/www.xcr-airport.com\/en\/discover-champagne\/#primaryimage","url":"https:\/\/www.xcr-airport.com\/wp-content\/uploads\/2025\/02\/Automne-2023-11-06-Samuel-Grebil-_-RGE-1-1024x575.jpg","contentUrl":"https:\/\/www.xcr-airport.com\/wp-content\/uploads\/2025\/02\/Automne-2023-11-06-Samuel-Grebil-_-RGE-1-1024x575.jpg"},{"@type":"BreadcrumbList","@id":"https:\/\/www.xcr-airport.com\/en\/discover-champagne\/#breadcrumb","itemListElement":[{"@type":"ListItem","position":1,"name":"Home","item":"https:\/\/www.xcr-airport.com\/en\/"},{"@type":"ListItem","position":2,"name":"Discover champagne"}]},{"@type":"WebSite","@id":"https:\/\/www.xcr-airport.com\/en\/#website","url":"https:\/\/www.xcr-airport.com\/en\/","name":"XCR Airport","description":"","publisher":{"@id":"https:\/\/www.xcr-airport.com\/en\/#organization"},"potentialAction":[{"@type":"SearchAction","target":{"@type":"EntryPoint","urlTemplate":"https:\/\/www.xcr-airport.com\/en\/?s={search_term_string}"},"query-input":{"@type":"PropertyValueSpecification","valueRequired":true,"valueName":"search_term_string"}}],"inLanguage":"en-UK"},{"@type":"Organization","@id":"https:\/\/www.xcr-airport.com\/en\/#organization","name":"XCR Airport","url":"https:\/\/www.xcr-airport.com\/en\/","logo":{"@type":"ImageObject","inLanguage":"en-UK","@id":"https:\/\/www.xcr-airport.com\/en\/#\/schema\/logo\/image\/","url":"https:\/\/www.xcr-airport.com\/wp-content\/uploads\/2024\/10\/cropped-logo-xcr-airport.png","contentUrl":"https:\/\/www.xcr-airport.com\/wp-content\/uploads\/2024\/10\/cropped-logo-xcr-airport.png","width":240,"height":136,"caption":"XCR Airport"},"image":{"@id":"https:\/\/www.xcr-airport.com\/en\/#\/schema\/logo\/image\/"}}]}},"_links":{"self":[{"href":"https:\/\/www.xcr-airport.com\/en\/wp-json\/wp\/v2\/pages\/6293","targetHints":{"allow":["GET"]}}],"collection":[{"href":"https:\/\/www.xcr-airport.com\/en\/wp-json\/wp\/v2\/pages"}],"about":[{"href":"https:\/\/www.xcr-airport.com\/en\/wp-json\/wp\/v2\/types\/page"}],"author":[{"embeddable":true,"href":"https:\/\/www.xcr-airport.com\/en\/wp-json\/wp\/v2\/users\/1"}],"replies":[{"embeddable":true,"href":"https:\/\/www.xcr-airport.com\/en\/wp-json\/wp\/v2\/comments?post=6293"}],"version-history":[{"count":15,"href":"https:\/\/www.xcr-airport.com\/en\/wp-json\/wp\/v2\/pages\/6293\/revisions"}],"predecessor-version":[{"id":7335,"href":"https:\/\/www.xcr-airport.com\/en\/wp-json\/wp\/v2\/pages\/6293\/revisions\/7335"}],"wp:attachment":[{"href":"https:\/\/www.xcr-airport.com\/en\/wp-json\/wp\/v2\/media?parent=6293"}],"curies":[{"name":"wp","href":"https:\/\/api.w.org\/{rel}","templated":true}]}}