{"id":6288,"date":"2024-10-25T16:16:54","date_gmt":"2024-10-25T14:16:54","guid":{"rendered":"https:\/\/www.xcr-airport.com\/marrakech\/"},"modified":"2025-10-28T10:02:38","modified_gmt":"2025-10-28T09:02:38","slug":"marrakech","status":"publish","type":"page","link":"https:\/\/www.xcr-airport.com\/en\/marrakech\/","title":{"rendered":"Marrakech"},"content":{"rendered":"\n<div style=\"background-image:url(&apos;https:\/\/www.xcr-airport.com\/wp-content\/uploads\/2024\/10\/xcr-voyage-marrakech.jpg&apos;);background-position:50% 0;background-size:cover;\" class=\"wp-block-group intro is-layout-flow wp-block-group-is-layout-flow has-background\">\n<div class=\"wp-block-group bloc-intro-arrow-white is-layout-constrained wp-block-group-is-layout-constrained\">\n<div class=\"wp-block-group top-part is-layout-constrained wp-block-group-is-layout-constrained\">\n<h1 class=\"wp-block-heading\"><em>Marrakech<\/em><\/h1>\n<\/div>\n\n\n\n<div class=\"wp-block-group bot-part is-layout-constrained wp-block-group-is-layout-constrained\">\n<p>Marrakech, also known as the Red City, remains the country&#8217;s tourist capital. With its countless markets, gardens, palaces and mosques, it&#8217;s a destination full of color and flavor that will welcome you with open arms.<\/p>\n\n\n\n<div class=\"wp-block-buttons is-layout-flex wp-block-buttons-is-layout-flex\">\n<div class=\"wp-block-button is-style-fill\"><a class=\"wp-block-button__link has-tertiary-color has-text-color has-link-color wp-element-button\" href=\"#savoir-plus\">All flights<\/a><\/div>\n<\/div>\n<\/div>\n<\/div>\n<\/div>\n\n\n\n<div class=\"wp-block-columns section-vols-side is-layout-flex wp-container-core-columns-is-layout-9d6595d7 wp-block-columns-is-layout-flex\">\n<div class=\"wp-block-column col-vols is-layout-flow wp-block-column-is-layout-flow\" style=\"flex-basis:66.66%\" id=\"savoir-plus\">\n<div class=\"wp-block-group vols is-layout-constrained wp-block-group-is-layout-constrained\">\n<div class=\"wp-block-group title-btn is-layout-constrained wp-block-group-is-layout-constrained\">\n<h2 class=\"wp-block-heading before-soleil\" id=\"savoir-plus\"><strong>Regular flights<\/strong><\/h2>\n\n\n\n<div class=\"wp-block-buttons is-layout-flex wp-block-buttons-is-layout-flex\">\n<div class=\"wp-block-button is-style-fill\"><a class=\"wp-block-button__link has-tertiary-color has-text-color has-link-color wp-element-button\" href=\"https:\/\/www.ryanair.com\/fr\/fr\/vols-pas-chers\/paris-vatry-vers-marrakesh\" target=\"_blank\" rel=\"noreferrer noopener\">Book a flight<\/a><\/div>\n<\/div>\n<\/div>\n\n\n\n<div class=\"wp-block-group destination is-layout-constrained wp-block-group-is-layout-constrained\">\n<p>Vatry (XCR)<\/p>\n\n\n\n<p>Marrakech (RAK)<\/p>\n<\/div>\n\n\n\n<figure class=\"wp-block-image size-large\"><img decoding=\"async\" width=\"1024\" height=\"159\" src=\"https:\/\/www.xcr-airport.com\/wp-content\/uploads\/2025\/10\/image-7-1024x159.png\" alt=\"\" class=\"wp-image-7937\" srcset=\"https:\/\/www.xcr-airport.com\/wp-content\/uploads\/2025\/10\/image-7-1024x159.png 1024w, https:\/\/www.xcr-airport.com\/wp-content\/uploads\/2025\/10\/image-7-300x47.png 300w, https:\/\/www.xcr-airport.com\/wp-content\/uploads\/2025\/10\/image-7-768x119.png 768w, https:\/\/www.xcr-airport.com\/wp-content\/uploads\/2025\/10\/image-7-1536x238.png 1536w, https:\/\/www.xcr-airport.com\/wp-content\/uploads\/2025\/10\/image-7-2048x318.png 2048w\" sizes=\"(max-width: 1024px) 100vw, 1024px\" \/><\/figure>\n\n\n\n<div class=\"wp-block-group destination is-layout-constrained wp-block-group-is-layout-constrained\">\n<p>Marrakech (RAK)<\/p>\n\n\n\n<p>Vatry (XCR)<\/p>\n<\/div>\n\n\n\n<figure class=\"wp-block-image size-large\"><img decoding=\"async\" width=\"1024\" height=\"159\" src=\"https:\/\/www.xcr-airport.com\/wp-content\/uploads\/2025\/10\/image-1-1024x159.png\" alt=\"\" class=\"wp-image-7921\" srcset=\"https:\/\/www.xcr-airport.com\/wp-content\/uploads\/2025\/10\/image-1-1024x159.png 1024w, https:\/\/www.xcr-airport.com\/wp-content\/uploads\/2025\/10\/image-1-300x47.png 300w, https:\/\/www.xcr-airport.com\/wp-content\/uploads\/2025\/10\/image-1-768x119.png 768w, https:\/\/www.xcr-airport.com\/wp-content\/uploads\/2025\/10\/image-1-1536x239.png 1536w, https:\/\/www.xcr-airport.com\/wp-content\/uploads\/2025\/10\/image-1-2048x318.png 2048w\" sizes=\"(max-width: 1024px) 100vw, 1024px\" \/><\/figure>\n<\/div>\n<\/div>\n\n\n\n<div class=\"wp-block-column side-vols is-layout-flow wp-block-column-is-layout-flow\" style=\"flex-basis:33.33%\">\n<div class=\"wp-block-group inner-side-accordeon side-vols is-layout-constrained wp-block-group-is-layout-constrained\">\n<h2 class=\"wp-block-heading\">prepare your trip<\/h2>\n\n\n\n<p>Plan your trip with peace of mind with XCR Airport: book your tickets, consult timetables and take advantage of our services for a carefree departure.<\/p>\n\n\n\n<div class=\"wp-block-buttons is-layout-flex wp-block-buttons-is-layout-flex\">\n<div class=\"wp-block-button is-style-fill\"><a class=\"wp-block-button__link has-tertiary-color has-text-color has-link-color wp-element-button\" href=\"https:\/\/www.xcr-airport.com\/en\/travelers-guide\/\">The traveler&#8217;s guide<\/a><\/div>\n<\/div>\n<\/div>\n<\/div>\n<\/div>\n\n\n\n<div class=\"wp-block-group destination-cards is-layout-constrained wp-block-group-is-layout-constrained\">\n<div class=\"wp-block-group title-btn is-layout-constrained wp-block-group-is-layout-constrained\">\n<h2 class=\"wp-block-heading\"><strong>Discover Marrakech<\/strong><\/h2>\n\n\n\n<div class=\"wp-block-buttons is-layout-flex wp-block-buttons-is-layout-flex\">\n<div class=\"wp-block-button is-style-fill\"><a class=\"wp-block-button__link has-tertiary-color has-text-color has-link-color wp-element-button\" href=\"https:\/\/www.ryanair.com\/fr\/fr\/vols-pas-chers\/paris-vatry-vers-marrakesh\" target=\"_blank\" rel=\"noreferrer noopener\">Book a flight<\/a><\/div>\n<\/div>\n<\/div>\n\n\n\n<p>Famous the world over for its palm grove and minaret, this town is a veritable living spectacle, where local people and folklore are skilfully staged in a medieval setting. An impressive cultural heritage, with numerous monuments and top-quality museums. Marrakech is also an ideal place for desert and mountain trekking.  <\/p>\n\n\n\n<div class=\"wp-block-group cards is-nowrap is-layout-flex wp-container-core-group-is-layout-ad2f72ca wp-block-group-is-layout-flex\">\n<div style=\"background-image:url(&apos;https:\/\/www.xcr-airport.com\/wp-content\/uploads\/2024\/10\/xcr-marrakech-cuisine.jpg&apos;);background-position:45% 28.999999999999996%;background-size:cover;\" class=\"wp-block-group card hover is-layout-constrained wp-block-group-is-layout-constrained has-background\">\n<h2 class=\"wp-block-heading\">Traditional<br><\/h2>\n\n\n\n<div class=\"wp-block-group card-txt is-layout-constrained wp-block-group-is-layout-constrained\">\n<p class=\"has-text-color has-link-color wp-elements-05a5827a862146103951c11c4769c62a\" style=\"color:#ffffff\">Come and taste our typical dishes: couscous, tajine, harira, pastillas, mint tea&#8230;<\/p>\n<\/div>\n<\/div>\n\n\n\n<div style=\"background-image:url(&apos;https:\/\/www.xcr-airport.com\/wp-content\/uploads\/2024\/10\/xcr-marrakech-musique.jpg&apos;);background-position:48% 50%;background-size:cover;\" class=\"wp-block-group card is-layout-constrained wp-block-group-is-layout-constrained has-background\">\n<h2 class=\"wp-block-heading\">Music and dance<\/h2>\n\n\n\n<div class=\"wp-block-group card-txt is-layout-constrained wp-block-group-is-layout-constrained\">\n<p class=\"has-text-color has-link-color wp-elements-d8baafc15ab2573f8382a4af49737ae9\" style=\"color:#ffffff\">Various genres such as Andalusian, Cha\u00e2bi, Gnawa and Berber music are deeply rooted in tradition.<\/p>\n<\/div>\n<\/div>\n\n\n\n<div style=\"background-image:url(&apos;https:\/\/www.xcr-airport.com\/wp-content\/uploads\/2024\/10\/xcr-marrakech-artisanat.jpg&apos;);background-position:52% 47%;background-size:cover;\" class=\"wp-block-group card is-layout-constrained wp-block-group-is-layout-constrained has-background\">\n<h2 class=\"wp-block-heading\">Crafts<\/h2>\n\n\n\n<div class=\"wp-block-group card-txt is-layout-constrained wp-block-group-is-layout-constrained\">\n<p class=\"has-text-color has-link-color wp-elements-7315f818535d0ad1a21d78c8fb48f386\" style=\"color:#ffffff\">Moroccan craftsmanship is world-renowned, particularly for ceramics, Berber carpets, leather goods&#8230;<\/p>\n<\/div>\n<\/div>\n\n\n\n<div style=\"background-image:url(&apos;https:\/\/www.xcr-airport.com\/wp-content\/uploads\/2024\/10\/xcr-marrakech-architecture.jpg&apos;);background-position:78% 54%;background-size:cover;\" class=\"wp-block-group card is-layout-constrained wp-block-group-is-layout-constrained has-background\">\n<h2 class=\"wp-block-heading\">Architecture<\/h2>\n\n\n\n<div class=\"wp-block-group card-txt is-layout-constrained wp-block-group-is-layout-constrained\">\n<p class=\"has-text-color has-link-color wp-elements-0ba65ce715ed669254d27d43c2cbd7f9\" style=\"color:#ffffff\">Moroccan architecture is marked by riads, kasbahs, mosques and medinas adorned with zelliges (tiles) and chiseled plaster.<\/p>\n<\/div>\n<\/div>\n\n\n\n<div style=\"background-image:url(&apos;https:\/\/www.xcr-airport.com\/wp-content\/uploads\/2024\/10\/xcr-marrakech-habits-traitionnels.jpg&apos;);background-position:53% 43%;background-size:cover;\" class=\"wp-block-group card is-layout-constrained wp-block-group-is-layout-constrained has-background\">\n<h2 class=\"wp-block-heading\">Traditional<br>clothing<\/h2>\n\n\n\n<div class=\"wp-block-group card-txt is-layout-constrained wp-block-group-is-layout-constrained\">\n<p class=\"has-text-color has-link-color wp-elements-e12e67110278442c66c62cc6f9687cac\" style=\"color:#ffffff\">The caftan and djellaba are emblematic garments worn for ceremonies or everyday wear, often embroidered and adorned with sophisticated motifs.<\/p>\n<\/div>\n<\/div>\n<\/div>\n<\/div>\n\n\n\n<div class=\"wp-block-group alignfull carrousel-fiches-hover destination is-layout-constrained wp-block-group-is-layout-constrained\">\r\n<div class=\"ik-block-carousel\">\r\n    <div id=\"ik-69f0191bb91f3\" class=\"swiper swiper-block-carousel img-bg\"   data-elements=\"3.6\" data-groupe=\"1\">\r\n        <div class=\"swiper-wrapper\">\r\n                            <div class=\"swiper-slide\">\r\n                                        <div class=\"ik-carousel-caption\">\r\n                                                    <h3><span><\/span>Cuisine <br>traditionnelle<\/h3>\r\n                        \r\n                                                    <p>Venez go\u00fbter les plats typiques : couscous, tajine, harira, pastillas, th\u00e9 \u00e0 la menthe\u2026<\/p>\n                        \r\n                                            <\/div>\r\n                <\/div>\r\n                            <div class=\"swiper-slide\">\r\n                                            <img decoding=\"async\" src=\"https:\/\/www.xcr-airport.com\/wp-content\/uploads\/2024\/10\/xcr-marrakech-musique.jpg\" alt=\"xcr-marrakech-musique\">\r\n                                        <div class=\"ik-carousel-caption\">\r\n                                                    <h3><span><\/span>Musique et danse<\/h3>\r\n                        \r\n                                                    <p>Des genres vari\u00e9s comme la musique andalouse, le cha\u00e2bi, la musique gnawa et la musique berb\u00e8re sont profond\u00e9ment enracin\u00e9s dans la tradition.<\/p>\n                        \r\n                                            <\/div>\r\n                <\/div>\r\n                            <div class=\"swiper-slide\">\r\n                                            <img decoding=\"async\" src=\"https:\/\/www.xcr-airport.com\/wp-content\/uploads\/2024\/10\/xcr-marrakech-artisanat.jpg\" alt=\"xcr-marrakech-artisanat\">\r\n                                        <div class=\"ik-carousel-caption\">\r\n                                                    <h3><span><\/span>Artisanat<\/h3>\r\n                        \r\n                                                    <p>L\u2019artisanat marocain est r\u00e9put\u00e9 mondialement, en particulier pour la c\u00e9ramique, les tapis berb\u00e8res, maroquinerie\u2026<\/p>\n                        \r\n                                            <\/div>\r\n                <\/div>\r\n                            <div class=\"swiper-slide\">\r\n                                            <img decoding=\"async\" src=\"https:\/\/www.xcr-airport.com\/wp-content\/uploads\/2024\/10\/xcr-marrakech-architecture.jpg\" alt=\"xcr-marrakech-architecture\">\r\n                                        <div class=\"ik-carousel-caption\">\r\n                                                    <h3><span><\/span>Architecture<\/h3>\r\n                        \r\n                                                    <p>L\u2019architecture marocaine est marqu\u00e9e par les riads, les kasbahs, les mosqu\u00e9es et les m\u00e9dinas orn\u00e9es de zelliges (carrelages) et de pl\u00e2tre cisel\u00e9.<\/p>\n                        \r\n                                            <\/div>\r\n                <\/div>\r\n                            <div class=\"swiper-slide\">\r\n                                            <img decoding=\"async\" src=\"https:\/\/www.xcr-airport.com\/wp-content\/uploads\/2024\/10\/xcr-marrakech-habits-traitionnels.jpg\" alt=\"xcr-marrakech-habits-traitionnels\">\r\n                                        <div class=\"ik-carousel-caption\">\r\n                                                    <h3><span><\/span>V\u00eatements traditionnels<\/h3>\r\n                        \r\n                                                    <p>Le caftan et la djellaba sont des v\u00eatements embl\u00e9matiques port\u00e9s lors des c\u00e9r\u00e9monies ou au quotidien, souvent brod\u00e9s et orn\u00e9s de motifs sophistiqu\u00e9s.<\/p>\n                        \r\n                                            <\/div>\r\n                <\/div>\r\n                    <\/div>\r\n\r\n                    <div class=\"swiper-nav-arrow\">\r\n                <div class=\"swiper-button swiper-button-prev swiper-prev-ik-69f0191bb91f3\">\r\n                    <svg xmlns=\"http:\/\/www.w3.org\/2000\/svg\" width=\"10.732\" height=\"17.684\" viewBox=\"0 0 10.732 17.684\">\r\n                        <path id=\"Icon_awesome-chevron-down\" data-name=\"Icon awesome-chevron-down\" d=\"M8.552,19.13.682,11.26a.972.972,0,0,1,0-1.374L1.6,8.968a.972.972,0,0,1,1.373,0L9.24,15.2l6.267-6.237a.972.972,0,0,1,1.373,0l.918.918a.972.972,0,0,1,0,1.374l-7.87,7.87A.972.972,0,0,1,8.552,19.13Z\" transform=\"translate(-8.683 18.082) rotate(-90)\" fill=\"#000\"\/>\r\n                    <\/svg>\r\n                <\/div>\r\n                <div class=\"swiper-button swiper-button-next swiper-next-ik-69f0191bb91f3\">\r\n                    <svg xmlns=\"http:\/\/www.w3.org\/2000\/svg\" width=\"10.732\" height=\"17.684\" viewBox=\"0 0 10.732 17.684\">\r\n                        <path id=\"Icon_awesome-chevron-down\" data-name=\"Icon awesome-chevron-down\" d=\"M8.552,19.13.682,11.26a.972.972,0,0,1,0-1.374L1.6,8.968a.972.972,0,0,1,1.373,0L9.24,15.2l6.267-6.237a.972.972,0,0,1,1.373,0l.918.918a.972.972,0,0,1,0,1.374l-7.87,7.87A.972.972,0,0,1,8.552,19.13Z\" transform=\"translate(-8.683 18.082) rotate(-90)\" fill=\"#000\"\/>\r\n                    <\/svg>\r\n                <\/div>\r\n            <\/div>\r\n        \r\n        \r\n                    <div class=\"swiper-scrollbar swiper-scrollbar-ik-69f0191bb91f3\"><\/div>\r\n            <\/div>\r\n<\/div><\/div>\n","protected":false},"excerpt":{"rendered":"<p>Marrakech Marrakech, also known as the Red City, remains the country&#8217;s tourist capital. With its countless markets, gardens, palaces and mosques, it&#8217;s a destination full of color and flavor that will welcome you with open arms. Regular flights Vatry (XCR) Marrakech (RAK) Marrakech (RAK) Vatry (XCR) prepare your trip Plan your trip with peace of mind with XCR Airport: book your tickets, consult timetables and take advantage of our services for a carefree departure. Discover Marrakech Famous the world over for its palm grove and minaret, this town is a veritable living spectacle, where local people and folklore are skilfully staged in a medieval setting. An impressive cultural heritage, with numerous monuments and top-quality museums. Marrakech is also an ideal place for desert and mountain trekking. Traditional Come and taste our typical dishes: couscous, tajine, harira, pastillas, mint tea&#8230; Music and dance Various genres such as Andalusian, Cha\u00e2bi, Gnawa and Berber music are deeply rooted in tradition. Crafts Moroccan craftsmanship is world-renowned, particularly for ceramics, Berber carpets, leather goods&#8230; Architecture Moroccan architecture is marked by riads, kasbahs, mosques and medinas adorned with zelliges (tiles) and chiseled plaster. Traditionalclothing The caftan and djellaba are emblematic garments worn for ceremonies or everyday wear, often embroidered and adorned with sophisticated motifs.<\/p>\n","protected":false},"author":1,"featured_media":6145,"parent":0,"menu_order":0,"comment_status":"closed","ping_status":"closed","template":"","meta":{"_acf_changed":false,"footnotes":""},"class_list":["post-6288","page","type-page","status-publish","has-post-thumbnail","hentry"],"acf":[],"yoast_head":"<!-- This site is optimized with the Yoast SEO plugin v27.3 - https:\/\/yoast.com\/product\/yoast-seo-wordpress\/ -->\n<title>Flights to Marrakech from XCR Airport<\/title>\n<meta name=\"description\" content=\"Travel to Marrakech from XCR Airport: practical information, flight times and booking options for your next trip.\" \/>\n<meta name=\"robots\" content=\"index, follow, max-snippet:-1, max-image-preview:large, max-video-preview:-1\" \/>\n<link rel=\"canonical\" href=\"https:\/\/www.xcr-airport.com\/en\/marrakech\/\" \/>\n<meta name=\"twitter:label1\" content=\"Est. reading time\" \/>\n\t<meta name=\"twitter:data1\" content=\"2 minutes\" \/>\n<script type=\"application\/ld+json\" class=\"yoast-schema-graph\">{\"@context\":\"https:\\\/\\\/schema.org\",\"@graph\":[{\"@type\":\"WebPage\",\"@id\":\"https:\\\/\\\/www.xcr-airport.com\\\/en\\\/marrakech\\\/\",\"url\":\"https:\\\/\\\/www.xcr-airport.com\\\/en\\\/marrakech\\\/\",\"name\":\"Flights to Marrakech from XCR Airport\",\"isPartOf\":{\"@id\":\"https:\\\/\\\/www.xcr-airport.com\\\/en\\\/#website\"},\"primaryImageOfPage\":{\"@id\":\"https:\\\/\\\/www.xcr-airport.com\\\/en\\\/marrakech\\\/#primaryimage\"},\"image\":{\"@id\":\"https:\\\/\\\/www.xcr-airport.com\\\/en\\\/marrakech\\\/#primaryimage\"},\"thumbnailUrl\":\"https:\\\/\\\/www.xcr-airport.com\\\/wp-content\\\/uploads\\\/2024\\\/11\\\/xcr_airport.jpg\",\"datePublished\":\"2024-10-25T14:16:54+00:00\",\"dateModified\":\"2025-10-28T09:02:38+00:00\",\"description\":\"Travel to Marrakech from XCR Airport: practical information, flight times and booking options for your next trip.\",\"breadcrumb\":{\"@id\":\"https:\\\/\\\/www.xcr-airport.com\\\/en\\\/marrakech\\\/#breadcrumb\"},\"inLanguage\":\"en-UK\",\"potentialAction\":[{\"@type\":\"ReadAction\",\"target\":[\"https:\\\/\\\/www.xcr-airport.com\\\/en\\\/marrakech\\\/\"]}]},{\"@type\":\"ImageObject\",\"inLanguage\":\"en-UK\",\"@id\":\"https:\\\/\\\/www.xcr-airport.com\\\/en\\\/marrakech\\\/#primaryimage\",\"url\":\"https:\\\/\\\/www.xcr-airport.com\\\/wp-content\\\/uploads\\\/2024\\\/11\\\/xcr_airport.jpg\",\"contentUrl\":\"https:\\\/\\\/www.xcr-airport.com\\\/wp-content\\\/uploads\\\/2024\\\/11\\\/xcr_airport.jpg\",\"width\":250,\"height\":250},{\"@type\":\"BreadcrumbList\",\"@id\":\"https:\\\/\\\/www.xcr-airport.com\\\/en\\\/marrakech\\\/#breadcrumb\",\"itemListElement\":[{\"@type\":\"ListItem\",\"position\":1,\"name\":\"Home\",\"item\":\"https:\\\/\\\/www.xcr-airport.com\\\/en\\\/\"},{\"@type\":\"ListItem\",\"position\":2,\"name\":\"Marrakech\"}]},{\"@type\":\"WebSite\",\"@id\":\"https:\\\/\\\/www.xcr-airport.com\\\/en\\\/#website\",\"url\":\"https:\\\/\\\/www.xcr-airport.com\\\/en\\\/\",\"name\":\"XCR Airport\",\"description\":\"\",\"publisher\":{\"@id\":\"https:\\\/\\\/www.xcr-airport.com\\\/en\\\/#organization\"},\"potentialAction\":[{\"@type\":\"SearchAction\",\"target\":{\"@type\":\"EntryPoint\",\"urlTemplate\":\"https:\\\/\\\/www.xcr-airport.com\\\/en\\\/?s={search_term_string}\"},\"query-input\":{\"@type\":\"PropertyValueSpecification\",\"valueRequired\":true,\"valueName\":\"search_term_string\"}}],\"inLanguage\":\"en-UK\"},{\"@type\":\"Organization\",\"@id\":\"https:\\\/\\\/www.xcr-airport.com\\\/en\\\/#organization\",\"name\":\"XCR Airport\",\"url\":\"https:\\\/\\\/www.xcr-airport.com\\\/en\\\/\",\"logo\":{\"@type\":\"ImageObject\",\"inLanguage\":\"en-UK\",\"@id\":\"https:\\\/\\\/www.xcr-airport.com\\\/en\\\/#\\\/schema\\\/logo\\\/image\\\/\",\"url\":\"https:\\\/\\\/www.xcr-airport.com\\\/wp-content\\\/uploads\\\/2024\\\/10\\\/cropped-logo-xcr-airport.png\",\"contentUrl\":\"https:\\\/\\\/www.xcr-airport.com\\\/wp-content\\\/uploads\\\/2024\\\/10\\\/cropped-logo-xcr-airport.png\",\"width\":240,\"height\":136,\"caption\":\"XCR Airport\"},\"image\":{\"@id\":\"https:\\\/\\\/www.xcr-airport.com\\\/en\\\/#\\\/schema\\\/logo\\\/image\\\/\"}}]}<\/script>\n<!-- \/ Yoast SEO plugin. -->","yoast_head_json":{"title":"Flights to Marrakech from XCR Airport","description":"Travel to Marrakech from XCR Airport: practical information, flight times and booking options for your next trip.","robots":{"index":"index","follow":"follow","max-snippet":"max-snippet:-1","max-image-preview":"max-image-preview:large","max-video-preview":"max-video-preview:-1"},"canonical":"https:\/\/www.xcr-airport.com\/en\/marrakech\/","twitter_misc":{"Est. reading time":"2 minutes"},"schema":{"@context":"https:\/\/schema.org","@graph":[{"@type":"WebPage","@id":"https:\/\/www.xcr-airport.com\/en\/marrakech\/","url":"https:\/\/www.xcr-airport.com\/en\/marrakech\/","name":"Flights to Marrakech from XCR Airport","isPartOf":{"@id":"https:\/\/www.xcr-airport.com\/en\/#website"},"primaryImageOfPage":{"@id":"https:\/\/www.xcr-airport.com\/en\/marrakech\/#primaryimage"},"image":{"@id":"https:\/\/www.xcr-airport.com\/en\/marrakech\/#primaryimage"},"thumbnailUrl":"https:\/\/www.xcr-airport.com\/wp-content\/uploads\/2024\/11\/xcr_airport.jpg","datePublished":"2024-10-25T14:16:54+00:00","dateModified":"2025-10-28T09:02:38+00:00","description":"Travel to Marrakech from XCR Airport: practical information, flight times and booking options for your next trip.","breadcrumb":{"@id":"https:\/\/www.xcr-airport.com\/en\/marrakech\/#breadcrumb"},"inLanguage":"en-UK","potentialAction":[{"@type":"ReadAction","target":["https:\/\/www.xcr-airport.com\/en\/marrakech\/"]}]},{"@type":"ImageObject","inLanguage":"en-UK","@id":"https:\/\/www.xcr-airport.com\/en\/marrakech\/#primaryimage","url":"https:\/\/www.xcr-airport.com\/wp-content\/uploads\/2024\/11\/xcr_airport.jpg","contentUrl":"https:\/\/www.xcr-airport.com\/wp-content\/uploads\/2024\/11\/xcr_airport.jpg","width":250,"height":250},{"@type":"BreadcrumbList","@id":"https:\/\/www.xcr-airport.com\/en\/marrakech\/#breadcrumb","itemListElement":[{"@type":"ListItem","position":1,"name":"Home","item":"https:\/\/www.xcr-airport.com\/en\/"},{"@type":"ListItem","position":2,"name":"Marrakech"}]},{"@type":"WebSite","@id":"https:\/\/www.xcr-airport.com\/en\/#website","url":"https:\/\/www.xcr-airport.com\/en\/","name":"XCR Airport","description":"","publisher":{"@id":"https:\/\/www.xcr-airport.com\/en\/#organization"},"potentialAction":[{"@type":"SearchAction","target":{"@type":"EntryPoint","urlTemplate":"https:\/\/www.xcr-airport.com\/en\/?s={search_term_string}"},"query-input":{"@type":"PropertyValueSpecification","valueRequired":true,"valueName":"search_term_string"}}],"inLanguage":"en-UK"},{"@type":"Organization","@id":"https:\/\/www.xcr-airport.com\/en\/#organization","name":"XCR Airport","url":"https:\/\/www.xcr-airport.com\/en\/","logo":{"@type":"ImageObject","inLanguage":"en-UK","@id":"https:\/\/www.xcr-airport.com\/en\/#\/schema\/logo\/image\/","url":"https:\/\/www.xcr-airport.com\/wp-content\/uploads\/2024\/10\/cropped-logo-xcr-airport.png","contentUrl":"https:\/\/www.xcr-airport.com\/wp-content\/uploads\/2024\/10\/cropped-logo-xcr-airport.png","width":240,"height":136,"caption":"XCR Airport"},"image":{"@id":"https:\/\/www.xcr-airport.com\/en\/#\/schema\/logo\/image\/"}}]}},"_links":{"self":[{"href":"https:\/\/www.xcr-airport.com\/en\/wp-json\/wp\/v2\/pages\/6288","targetHints":{"allow":["GET"]}}],"collection":[{"href":"https:\/\/www.xcr-airport.com\/en\/wp-json\/wp\/v2\/pages"}],"about":[{"href":"https:\/\/www.xcr-airport.com\/en\/wp-json\/wp\/v2\/types\/page"}],"author":[{"embeddable":true,"href":"https:\/\/www.xcr-airport.com\/en\/wp-json\/wp\/v2\/users\/1"}],"replies":[{"embeddable":true,"href":"https:\/\/www.xcr-airport.com\/en\/wp-json\/wp\/v2\/comments?post=6288"}],"version-history":[{"count":5,"href":"https:\/\/www.xcr-airport.com\/en\/wp-json\/wp\/v2\/pages\/6288\/revisions"}],"predecessor-version":[{"id":7940,"href":"https:\/\/www.xcr-airport.com\/en\/wp-json\/wp\/v2\/pages\/6288\/revisions\/7940"}],"wp:featuredmedia":[{"embeddable":true,"href":"https:\/\/www.xcr-airport.com\/en\/wp-json\/wp\/v2\/media\/6145"}],"wp:attachment":[{"href":"https:\/\/www.xcr-airport.com\/en\/wp-json\/wp\/v2\/media?parent=6288"}],"curies":[{"name":"wp","href":"https:\/\/api.w.org\/{rel}","templated":true}]}}