{"id":6222,"date":"2024-10-11T14:39:57","date_gmt":"2024-10-11T12:39:57","guid":{"rendered":"https:\/\/www.xcr-airport.com\/services-and-rates\/"},"modified":"2026-04-23T16:32:18","modified_gmt":"2026-04-23T14:32:18","slug":"services-and-rates","status":"publish","type":"page","link":"https:\/\/www.xcr-airport.com\/en\/services-and-rates\/","title":{"rendered":"Services and rates"},"content":{"rendered":"\n<div style=\"background-image:url(&apos;https:\/\/www.xcr-airport.com\/wp-content\/uploads\/2024\/10\/xcr-services-tarifs.jpg&apos;);background-position:50% 0;background-size:cover;\" class=\"wp-block-group intro is-layout-flow wp-block-group-is-layout-flow has-background\">\n<div class=\"wp-block-group bloc-intro-arrow-white fond-bleu is-layout-constrained wp-block-group-is-layout-constrained\">\n<div class=\"wp-block-group top-part has-primary-background-color has-background is-layout-constrained wp-block-group-is-layout-constrained\">\n<h1 class=\"wp-block-heading has-text-color has-link-color wp-elements-59f9e58a61bd105b7c51e62545e44f33\" style=\"color:#ffffff\"><em>Services<\/em><br\/>&amp; rates<\/h1>\n<\/div>\n\n\n\n<div class=\"wp-block-group bot-part has-primary-background-color has-background is-layout-constrained wp-block-group-is-layout-constrained\">\n<p class=\"has-text-color has-link-color wp-elements-a763faa374908749722ef5d935dd8f03\" style=\"color:#ffffff\">XCR Airport offers a complete range of services including cargo assistance, documentation, pallet creation and securing, and all activities related to the transit of goods.<\/p>\n\n\n\n<div class=\"wp-block-buttons is-layout-flex wp-block-buttons-is-layout-flex\">\n<div class=\"wp-block-button is-style-fill\"><a class=\"wp-block-button__link has-tertiary-color has-text-color has-link-color wp-element-button\" href=\"#savoir-plus\">Find out more<\/a><\/div>\n<\/div>\n<\/div>\n<\/div>\n<\/div>\n\n<div class=\"wp-block-group consultez-tarifs is-layout-flow wp-block-group-is-layout-flow\">\n<h2 class=\"wp-block-heading has-text-align-center\" id=\"savoir-plus\">See our rates<\/h2>\n\n\n\n<div class=\"wp-block-group bloc-tarifs is-nowrap is-layout-flex wp-container-core-group-is-layout-ad2f72ca wp-block-group-is-layout-flex\">\n<div class=\"wp-block-group tarifs-publics is-nowrap is-layout-flex wp-container-core-group-is-layout-ad2f72ca wp-block-group-is-layout-flex\">\n<div class=\"wp-block-group has-secondary-background-color has-background is-layout-constrained wp-block-group-is-layout-constrained\">\n<p class=\"text-absolute\">Rates  <\/p>\n\n\n\n<h2 class=\"wp-block-heading has-text-color has-link-color wp-elements-df8dd50ede12973e2bd3fc063404840c\" style=\"color:#ffffff\">CONSULTER OUR AIRPORT RATES<\/h2>\n\n\n\n<p class=\"has-text-color has-link-color wp-elements-2c6cda43fdff7b0cb2779c89bc9db54c\" style=\"color:#ffffff\"><strong>Applicable from:<\/strong><br\/>01.01.2026<\/p>\n\n\n\n<p class=\"has-text-color has-link-color wp-elements-4d9caaa27179a3b49dd5743ab02ba70e\" style=\"color:#ffffff\"><\/p>\n\n\n\n<div class=\"wp-block-buttons is-layout-flex wp-block-buttons-is-layout-flex\">\n<div class=\"wp-block-button is-style-fill\"><a class=\"wp-block-button__link has-tertiary-color has-text-color has-link-color wp-element-button\" href=\"https:\/\/www.xcr-airport.com\/wp-content\/uploads\/2026\/04\/2026-PRICE-LIST-EPGAV-XCR-AIRPORT.pdf\" target=\"_blank\" rel=\"noreferrer noopener\">Public rates<\/a><\/div>\n<\/div>\n\n\n\n<div class=\"wp-block-buttons is-layout-flex wp-block-buttons-is-layout-flex\">\n<div class=\"wp-block-button is-style-fill\"><a class=\"wp-block-button__link has-tertiary-color has-text-color has-link-color wp-element-button\" href=\"https:\/\/www.xcr-airport.com\/wp-content\/uploads\/2026\/03\/Cargo-Handling-Rates-2026.pdf\" target=\"_blank\" rel=\"noreferrer noopener\">cargo rates<\/a><\/div>\n<\/div>\n<\/div>\n\n\n\n<figure class=\"wp-block-image size-full\"><img decoding=\"async\" width=\"512\" height=\"610\" src=\"https:\/\/www.xcr-airport.com\/wp-content\/uploads\/2024\/10\/xcr-tarifs.jpg\" alt=\"xcr-tariffs\" class=\"wp-image-5292\" srcset=\"https:\/\/www.xcr-airport.com\/wp-content\/uploads\/2024\/10\/xcr-tarifs.jpg 512w, https:\/\/www.xcr-airport.com\/wp-content\/uploads\/2024\/10\/xcr-tarifs-252x300.jpg 252w\" sizes=\"(max-width: 512px) 100vw, 512px\" \/><\/figure>\n<\/div>\n\n\n\n<div class=\"wp-block-group demande-tarifs has-fourth-background-color has-background is-layout-constrained wp-block-group-is-layout-constrained\">\n<p class=\"text-absolute\">Price list request<\/p>\n\n\n\n<p class=\"has-secondary-color has-text-color has-link-color wp-elements-e896c6ee01e0c2a850136611f3b4d7cc\">For a quotation for a cargo flight, a specific request must be sent to :<\/p>\n\n\n\n<h3 class=\"wp-block-heading\">Freight office<\/h3>\n\n\n\n<p class=\"sous-titre has-fifth-color has-text-color has-link-color wp-elements-4ab8c982926198eb72149be6ee01d9b5\"><strong>Stopover &#8211; Operations<\/strong><\/p>\n\n\n\n<div class=\"wp-block-group contacts is-layout-constrained wp-block-group-is-layout-constrained\">\n<p class=\"fixe\"><a href=\"#\">03 26 64 82 25<\/a><\/p>\n\n\n\n<p class=\"mobile\"><a href=\"#\"> <\/a><\/p>\n\n\n\n<p class=\"mail\"><a href=\"mailto:handling@xcr-airport.com\" target=\"_blank\" rel=\"noreferrer noopener\">handling@xcr-airport.com<\/a><\/p>\n<\/div>\n\n\n\n<p><\/p>\n\n\n\n<p><em>For all inquiries about our services or prices, please use the contact form below.<\/em><\/p>\n\n\n\n<div class=\"wp-block-buttons is-layout-flex wp-block-buttons-is-layout-flex\">\n<div class=\"wp-block-button is-style-fill\"><a class=\"wp-block-button__link has-tertiary-color has-text-color has-link-color wp-element-button\" href=\"https:\/\/www.xcr-airport.com\/en\/contact\/\">Contact<\/a><\/div>\n<\/div>\n<\/div>\n<\/div>\n<\/div>\n\n<div class=\"wp-block-group services-tarifs is-layout-flow wp-block-group-is-layout-flow\">\n<h2 class=\"wp-block-heading has-text-align-center before-logo\">Our service offer<\/h2>\n\n\n\n<p class=\"has-text-align-center\">XCR Airport offers a complete range of tailor-made services, from document processing to logistics,<br\/>with modern infrastructures and a team dedicated to meeting all your needs.<\/p>\n\n\n\n<div class=\"wp-block-group carrousel-fiches-hover is-layout-flow wp-block-group-is-layout-flow\">\r\n<div class=\"ik-block-carousel\">\r\n    <div id=\"ik-69f40dcf007b8\" class=\"swiper swiper-block-carousel img-bg\"   data-elements=\"3.6\" data-groupe=\"1\">\r\n        <div class=\"swiper-wrapper\">\r\n                            <div class=\"swiper-slide\">\r\n                                            <img decoding=\"async\" src=\"https:\/\/www.xcr-airport.com\/wp-content\/uploads\/2024\/10\/xcr-handling.jpg\" alt=\"xcr-handling\">\r\n                                        <div class=\"ik-carousel-caption\">\r\n                                                    <h3><span><\/span>Handling<\/h3>\r\n                        \r\n                                                    <ul>\n<li>Services \u00e0 disposition H24, avec une grande flexibilit\u00e9 horaire et humaine<\/li>\n<li>Chargement \/ D\u00e9chargement des camions<\/li>\n<li>Palettisation \/ D\u00e9palettisation avion<\/li>\n<li>1 seul interlocuteur pour faciliter vos op\u00e9rations<\/li>\n<\/ul>\n                        \r\n                                            <\/div>\r\n                <\/div>\r\n                            <div class=\"swiper-slide\">\r\n                                            <img decoding=\"async\" src=\"https:\/\/www.xcr-airport.com\/wp-content\/uploads\/2024\/10\/xcr-documents.jpg\" alt=\"xcr-documents\">\r\n                                        <div class=\"ik-carousel-caption\">\r\n                                                    <h3><span><\/span>Traitement documentaire<\/h3>\r\n                        \r\n                                                    <ul>\n<li>Contr\u00f4le documentaire<\/li>\n<li>Consolidation<\/li>\n<li>D\u00e9claration ICS<\/li>\n<\/ul>\n                        \r\n                                            <\/div>\r\n                <\/div>\r\n                            <div class=\"swiper-slide\">\r\n                                            <img decoding=\"async\" src=\"https:\/\/www.xcr-airport.com\/wp-content\/uploads\/2024\/10\/xcr-douanes.jpg\" alt=\"xcr-douanes\">\r\n                                        <div class=\"ik-carousel-caption\">\r\n                                                    <h3><span><\/span>Douanes<\/h3>\r\n                        \r\n                                                    <ul>\n<li>Douanes sur site H24<\/li>\n<li>S\u00e9curisation du fret (nous sommes titulaires d\u2019un agr\u00e9ment, nos agents sont habilit\u00e9s \u00e0 \u00ab l\u2019inspection filtrage du fret \u00bb<\/li>\n<li>Entreposage sous douane, d\u00e9douanement, contr\u00f4les phytosanitaires et v\u00e9t\u00e9rinaires sur place<\/li>\n<li>Point d\u2019inspection frontali\u00e8re europ\u00e9enne<\/li>\n<\/ul>\n                        \r\n                                            <\/div>\r\n                <\/div>\r\n                            <div class=\"swiper-slide\">\r\n                                            <img decoding=\"async\" src=\"https:\/\/www.xcr-airport.com\/wp-content\/uploads\/2024\/10\/xcr-logistic.jpg\" alt=\"xcr-logistic\">\r\n                                        <div class=\"ik-carousel-caption\">\r\n                                                    <h3><span><\/span>Logistique<\/h3>\r\n                        \r\n                                                    <ul>\n<li>Avion parqu\u00e9 au plus pr\u00e8s du terminal<\/li>\n<li>Mise \u00e0 disposition des \u00e9quipages, une salle d\u00e9tente avec TV satellite, DVD, Internet et salles de r\u00e9union si besoin<\/li>\n<li>Acc\u00e8s privil\u00e9gi\u00e9 cot\u00e9 piste pour le suivi des op\u00e9rations<\/li>\n<li>Conseil et prise en charge des r\u00e9servations d\u2019h\u00f4tels, de restaurants, navettes et de soci\u00e9t\u00e9s de location de voitures<\/li>\n<li>Catering<\/li>\n<\/ul>\n                        \r\n                                            <\/div>\r\n                <\/div>\r\n                            <div class=\"swiper-slide\">\r\n                                            <img decoding=\"async\" src=\"https:\/\/www.xcr-airport.com\/wp-content\/uploads\/2024\/10\/xcr-sur-mesure.jpg\" alt=\"xcr-sur-mesure\">\r\n                                        <div class=\"ik-carousel-caption\">\r\n                                                    <h3><span><\/span>Sur-mesure<\/h3>\r\n                        \r\n                                                    <ul>\n<li>Solutions de transport personnalis\u00e9es selon vos besoins sp\u00e9cifiques.<\/li>\n<li>Service flexible avec horaires ajustables et options sur mesure.<\/li>\n<li>Suivi d\u00e9di\u00e9 avec un interlocuteur unique pour chaque exp\u00e9dition.<\/li>\n<li>Solutions logistiques innovantes pour un transport s\u00e9curis\u00e9 et fluide.<\/li>\n<\/ul>\n                        \r\n                                            <\/div>\r\n                <\/div>\r\n                    <\/div>\r\n\r\n                    <div class=\"swiper-nav-arrow\">\r\n                <div class=\"swiper-button swiper-button-prev swiper-prev-ik-69f40dcf007b8\">\r\n                    <svg xmlns=\"http:\/\/www.w3.org\/2000\/svg\" width=\"10.732\" height=\"17.684\" viewBox=\"0 0 10.732 17.684\">\r\n                        <path id=\"Icon_awesome-chevron-down\" data-name=\"Icon awesome-chevron-down\" d=\"M8.552,19.13.682,11.26a.972.972,0,0,1,0-1.374L1.6,8.968a.972.972,0,0,1,1.373,0L9.24,15.2l6.267-6.237a.972.972,0,0,1,1.373,0l.918.918a.972.972,0,0,1,0,1.374l-7.87,7.87A.972.972,0,0,1,8.552,19.13Z\" transform=\"translate(-8.683 18.082) rotate(-90)\" fill=\"#000\"\/>\r\n                    <\/svg>\r\n                <\/div>\r\n                <div class=\"swiper-button swiper-button-next swiper-next-ik-69f40dcf007b8\">\r\n                    <svg xmlns=\"http:\/\/www.w3.org\/2000\/svg\" width=\"10.732\" height=\"17.684\" viewBox=\"0 0 10.732 17.684\">\r\n                        <path id=\"Icon_awesome-chevron-down\" data-name=\"Icon awesome-chevron-down\" d=\"M8.552,19.13.682,11.26a.972.972,0,0,1,0-1.374L1.6,8.968a.972.972,0,0,1,1.373,0L9.24,15.2l6.267-6.237a.972.972,0,0,1,1.373,0l.918.918a.972.972,0,0,1,0,1.374l-7.87,7.87A.972.972,0,0,1,8.552,19.13Z\" transform=\"translate(-8.683 18.082) rotate(-90)\" fill=\"#000\"\/>\r\n                    <\/svg>\r\n                <\/div>\r\n            <\/div>\r\n        \r\n        \r\n                    <div class=\"swiper-scrollbar swiper-scrollbar-ik-69f40dcf007b8\"><\/div>\r\n            <\/div>\r\n<\/div><\/div>\n<\/div>\n\n<div class=\"wp-block-group section-accordeon-seul is-layout-flow wp-block-group-is-layout-flow\">\n<h2 class=\"wp-block-heading has-text-align-center\">Any questions?<\/h2>\n\n\n\n<p class=\"has-text-align-center\">Here are the most frequently asked questions.<\/p>\n\n\n\n<div class=\"wp-block-ikadia-accordeons-react accordeon\" data-parent=\"true\" data-first=\"open\">\n<div class=\"wp-block-ikadia-accordeons-react-item accordeon-container\" data-masquer=\"false\"><div class=\"accordeon-header\"><h3 class=\"accordeon-title\">DE quelle surface disposez-vous pour le traitement du fret&nbsp;?<\/h3><\/div><div class=\"accordeon-body\"><div class=\"content\">\n<div class=\"wp-block-group is-layout-constrained wp-block-group-is-layout-constrained\">\n<p>We have an <strong>8,000 m\u00b2<\/strong> warehouse for handling general cargo, e-commerce, live animals, etc. We also have a <strong>2,500 m\u00b2<\/strong> temperature-controlled area for perishable and pharmaceutical freight.<\/p>\n<\/div>\n<\/div><\/div><\/div>\n\n\n\n<div class=\"wp-block-ikadia-accordeons-react-item accordeon-container\" data-masquer=\"false\"><div class=\"accordeon-header\"><h3 class=\"accordeon-title\">Quels Moyens de stockage utilisez vous ?<\/h3><\/div><div class=\"accordeon-body\"><div class=\"content\">\n<div class=\"wp-block-group is-layout-constrained wp-block-group-is-layout-constrained\">\n<p>We have an ETV system that enables us to store 40 ULD&#8217;s, equivalent to a full 747-type flight (100 tons).<br\/>The floor space allows us to store 150 pallets.<\/p>\n<\/div>\n<\/div><\/div><\/div>\n\n\n\n<div class=\"wp-block-ikadia-accordeons-react-item accordeon-container\" data-masquer=\"false\"><div class=\"accordeon-header\"><h3 class=\"accordeon-title\">Quel est le d\u00e9lai pour r\u00e9cup\u00e9rer le fret \u00e0 l\u2019import ?<\/h3><\/div><div class=\"accordeon-body\"><div class=\"content\">\n<div class=\"wp-block-group is-layout-constrained wp-block-group-is-layout-constrained\">\n<p>2 hours after aircraft arrival if the ULD&#8217;s leave without warehouse passage (BUP) <br\/>6 hours after flight arrival if there is a break-down (palletization, bulk loading, etc.).<\/p>\n<\/div>\n<\/div><\/div><\/div>\n\n\n\n<div class=\"wp-block-ikadia-accordeons-react-item accordeon-container\" data-masquer=\"false\"><div class=\"accordeon-header\"><h3 class=\"accordeon-title\">V\u00f4tre entrep\u00f4t est-il s\u00e9curis\u00e9&nbsp;?<\/h3><\/div><div class=\"accordeon-body\"><div class=\"content\">\n<div class=\"wp-block-group is-layout-constrained wp-block-group-is-layout-constrained\">\n<p>Yes, you need a badge to enter, and it&#8217;s under video surveillance 24 hours a day.<\/p>\n<\/div>\n<\/div><\/div><\/div>\n\n\n\n<div class=\"wp-block-ikadia-accordeons-react-item accordeon-container\" data-masquer=\"false\"><div class=\"accordeon-header\"><h3 class=\"accordeon-title\">Combien de quais sont op\u00e9rationnels&nbsp;?<\/h3><\/div><div class=\"accordeon-body\"><div class=\"content\">\n<div class=\"wp-block-group is-layout-constrained wp-block-group-is-layout-constrained\">\n<p>8 docks for loading\/unloading bulk trucks or pallets and 2 docks for our By-pass system, which enables us to load BUPs (roller tracks).<\/p>\n<\/div>\n<\/div><\/div><\/div>\n\n\n\n<div class=\"wp-block-ikadia-accordeons-react-item accordeon-container\" data-masquer=\"false\"><div class=\"accordeon-header\"><h3 class=\"accordeon-title\">Vos d\u00e9chets sont-ils tri\u00e9s&nbsp;?<\/h3><\/div><div class=\"accordeon-body\"><div class=\"content\">\n<div class=\"wp-block-group is-layout-constrained wp-block-group-is-layout-constrained\">\n<p>Yes, we have a contract with Suez to recycle our waste, particularly plastics and cardboard.<\/p>\n<\/div>\n<\/div><\/div><\/div>\n<\/div>\n<\/div>\n","protected":false},"excerpt":{"rendered":"<p>Services&amp; rates XCR Airport offers a complete range of services including cargo assistance, documentation, pallet creation and securing, and all activities related to the transit of goods. See our rates Rates CONSULTER OUR AIRPORT RATES Applicable from:01.01.2026 Price list request For a quotation for a cargo flight, a specific request must be sent to : Freight office Stopover &#8211; Operations 03 26 64 82 25 handling@xcr-airport.com For all inquiries about our services or prices, please use the contact form below. Our service offer XCR Airport offers a complete range of tailor-made services, from document processing to logistics,with modern infrastructures and a team dedicated to meeting all your needs. Any questions? Here are the most frequently asked questions.<\/p>\n","protected":false},"author":1,"featured_media":0,"parent":0,"menu_order":0,"comment_status":"closed","ping_status":"closed","template":"","meta":{"_acf_changed":false,"footnotes":""},"class_list":["post-6222","page","type-page","status-publish","hentry"],"acf":[],"yoast_head":"<!-- This site is optimized with the Yoast SEO plugin v27.3 - https:\/\/yoast.com\/product\/yoast-seo-wordpress\/ -->\n<title>Freight services and rates - XCR Airport<\/title>\n<meta name=\"description\" content=\"Discover XCR Airport&#039;s freight services: handling, logistics, customs and customized solutions, with transparent rates.\" \/>\n<meta name=\"robots\" content=\"index, follow, max-snippet:-1, max-image-preview:large, max-video-preview:-1\" \/>\n<link rel=\"canonical\" href=\"https:\/\/www.xcr-airport.com\/en\/services-and-rates\/\" \/>\n<meta name=\"twitter:label1\" content=\"Est. reading time\" \/>\n\t<meta name=\"twitter:data1\" content=\"2 minutes\" \/>\n<script type=\"application\/ld+json\" class=\"yoast-schema-graph\">{\"@context\":\"https:\\\/\\\/schema.org\",\"@graph\":[{\"@type\":\"WebPage\",\"@id\":\"https:\\\/\\\/www.xcr-airport.com\\\/en\\\/services-and-rates\\\/\",\"url\":\"https:\\\/\\\/www.xcr-airport.com\\\/en\\\/services-and-rates\\\/\",\"name\":\"Freight services and rates - XCR Airport\",\"isPartOf\":{\"@id\":\"https:\\\/\\\/www.xcr-airport.com\\\/en\\\/#website\"},\"primaryImageOfPage\":{\"@id\":\"https:\\\/\\\/www.xcr-airport.com\\\/en\\\/services-and-rates\\\/#primaryimage\"},\"image\":{\"@id\":\"https:\\\/\\\/www.xcr-airport.com\\\/en\\\/services-and-rates\\\/#primaryimage\"},\"thumbnailUrl\":\"https:\\\/\\\/www.xcr-airport.com\\\/wp-content\\\/uploads\\\/2024\\\/10\\\/xcr-tarifs.jpg\",\"datePublished\":\"2024-10-11T12:39:57+00:00\",\"dateModified\":\"2026-04-23T14:32:18+00:00\",\"description\":\"Discover XCR Airport's freight services: handling, logistics, customs and customized solutions, with transparent rates.\",\"breadcrumb\":{\"@id\":\"https:\\\/\\\/www.xcr-airport.com\\\/en\\\/services-and-rates\\\/#breadcrumb\"},\"inLanguage\":\"en-UK\",\"potentialAction\":[{\"@type\":\"ReadAction\",\"target\":[\"https:\\\/\\\/www.xcr-airport.com\\\/en\\\/services-and-rates\\\/\"]}]},{\"@type\":\"ImageObject\",\"inLanguage\":\"en-UK\",\"@id\":\"https:\\\/\\\/www.xcr-airport.com\\\/en\\\/services-and-rates\\\/#primaryimage\",\"url\":\"https:\\\/\\\/www.xcr-airport.com\\\/wp-content\\\/uploads\\\/2024\\\/10\\\/xcr-tarifs.jpg\",\"contentUrl\":\"https:\\\/\\\/www.xcr-airport.com\\\/wp-content\\\/uploads\\\/2024\\\/10\\\/xcr-tarifs.jpg\"},{\"@type\":\"BreadcrumbList\",\"@id\":\"https:\\\/\\\/www.xcr-airport.com\\\/en\\\/services-and-rates\\\/#breadcrumb\",\"itemListElement\":[{\"@type\":\"ListItem\",\"position\":1,\"name\":\"Home\",\"item\":\"https:\\\/\\\/www.xcr-airport.com\\\/en\\\/\"},{\"@type\":\"ListItem\",\"position\":2,\"name\":\"Services and rates\"}]},{\"@type\":\"WebSite\",\"@id\":\"https:\\\/\\\/www.xcr-airport.com\\\/en\\\/#website\",\"url\":\"https:\\\/\\\/www.xcr-airport.com\\\/en\\\/\",\"name\":\"XCR Airport\",\"description\":\"\",\"publisher\":{\"@id\":\"https:\\\/\\\/www.xcr-airport.com\\\/en\\\/#organization\"},\"potentialAction\":[{\"@type\":\"SearchAction\",\"target\":{\"@type\":\"EntryPoint\",\"urlTemplate\":\"https:\\\/\\\/www.xcr-airport.com\\\/en\\\/?s={search_term_string}\"},\"query-input\":{\"@type\":\"PropertyValueSpecification\",\"valueRequired\":true,\"valueName\":\"search_term_string\"}}],\"inLanguage\":\"en-UK\"},{\"@type\":\"Organization\",\"@id\":\"https:\\\/\\\/www.xcr-airport.com\\\/en\\\/#organization\",\"name\":\"XCR Airport\",\"url\":\"https:\\\/\\\/www.xcr-airport.com\\\/en\\\/\",\"logo\":{\"@type\":\"ImageObject\",\"inLanguage\":\"en-UK\",\"@id\":\"https:\\\/\\\/www.xcr-airport.com\\\/en\\\/#\\\/schema\\\/logo\\\/image\\\/\",\"url\":\"https:\\\/\\\/www.xcr-airport.com\\\/wp-content\\\/uploads\\\/2024\\\/10\\\/cropped-logo-xcr-airport.png\",\"contentUrl\":\"https:\\\/\\\/www.xcr-airport.com\\\/wp-content\\\/uploads\\\/2024\\\/10\\\/cropped-logo-xcr-airport.png\",\"width\":240,\"height\":136,\"caption\":\"XCR Airport\"},\"image\":{\"@id\":\"https:\\\/\\\/www.xcr-airport.com\\\/en\\\/#\\\/schema\\\/logo\\\/image\\\/\"}}]}<\/script>\n<!-- \/ Yoast SEO plugin. -->","yoast_head_json":{"title":"Freight services and rates - XCR Airport","description":"Discover XCR Airport's freight services: handling, logistics, customs and customized solutions, with transparent rates.","robots":{"index":"index","follow":"follow","max-snippet":"max-snippet:-1","max-image-preview":"max-image-preview:large","max-video-preview":"max-video-preview:-1"},"canonical":"https:\/\/www.xcr-airport.com\/en\/services-and-rates\/","twitter_misc":{"Est. reading time":"2 minutes"},"schema":{"@context":"https:\/\/schema.org","@graph":[{"@type":"WebPage","@id":"https:\/\/www.xcr-airport.com\/en\/services-and-rates\/","url":"https:\/\/www.xcr-airport.com\/en\/services-and-rates\/","name":"Freight services and rates - XCR Airport","isPartOf":{"@id":"https:\/\/www.xcr-airport.com\/en\/#website"},"primaryImageOfPage":{"@id":"https:\/\/www.xcr-airport.com\/en\/services-and-rates\/#primaryimage"},"image":{"@id":"https:\/\/www.xcr-airport.com\/en\/services-and-rates\/#primaryimage"},"thumbnailUrl":"https:\/\/www.xcr-airport.com\/wp-content\/uploads\/2024\/10\/xcr-tarifs.jpg","datePublished":"2024-10-11T12:39:57+00:00","dateModified":"2026-04-23T14:32:18+00:00","description":"Discover XCR Airport's freight services: handling, logistics, customs and customized solutions, with transparent rates.","breadcrumb":{"@id":"https:\/\/www.xcr-airport.com\/en\/services-and-rates\/#breadcrumb"},"inLanguage":"en-UK","potentialAction":[{"@type":"ReadAction","target":["https:\/\/www.xcr-airport.com\/en\/services-and-rates\/"]}]},{"@type":"ImageObject","inLanguage":"en-UK","@id":"https:\/\/www.xcr-airport.com\/en\/services-and-rates\/#primaryimage","url":"https:\/\/www.xcr-airport.com\/wp-content\/uploads\/2024\/10\/xcr-tarifs.jpg","contentUrl":"https:\/\/www.xcr-airport.com\/wp-content\/uploads\/2024\/10\/xcr-tarifs.jpg"},{"@type":"BreadcrumbList","@id":"https:\/\/www.xcr-airport.com\/en\/services-and-rates\/#breadcrumb","itemListElement":[{"@type":"ListItem","position":1,"name":"Home","item":"https:\/\/www.xcr-airport.com\/en\/"},{"@type":"ListItem","position":2,"name":"Services and rates"}]},{"@type":"WebSite","@id":"https:\/\/www.xcr-airport.com\/en\/#website","url":"https:\/\/www.xcr-airport.com\/en\/","name":"XCR Airport","description":"","publisher":{"@id":"https:\/\/www.xcr-airport.com\/en\/#organization"},"potentialAction":[{"@type":"SearchAction","target":{"@type":"EntryPoint","urlTemplate":"https:\/\/www.xcr-airport.com\/en\/?s={search_term_string}"},"query-input":{"@type":"PropertyValueSpecification","valueRequired":true,"valueName":"search_term_string"}}],"inLanguage":"en-UK"},{"@type":"Organization","@id":"https:\/\/www.xcr-airport.com\/en\/#organization","name":"XCR Airport","url":"https:\/\/www.xcr-airport.com\/en\/","logo":{"@type":"ImageObject","inLanguage":"en-UK","@id":"https:\/\/www.xcr-airport.com\/en\/#\/schema\/logo\/image\/","url":"https:\/\/www.xcr-airport.com\/wp-content\/uploads\/2024\/10\/cropped-logo-xcr-airport.png","contentUrl":"https:\/\/www.xcr-airport.com\/wp-content\/uploads\/2024\/10\/cropped-logo-xcr-airport.png","width":240,"height":136,"caption":"XCR Airport"},"image":{"@id":"https:\/\/www.xcr-airport.com\/en\/#\/schema\/logo\/image\/"}}]}},"_links":{"self":[{"href":"https:\/\/www.xcr-airport.com\/en\/wp-json\/wp\/v2\/pages\/6222","targetHints":{"allow":["GET"]}}],"collection":[{"href":"https:\/\/www.xcr-airport.com\/en\/wp-json\/wp\/v2\/pages"}],"about":[{"href":"https:\/\/www.xcr-airport.com\/en\/wp-json\/wp\/v2\/types\/page"}],"author":[{"embeddable":true,"href":"https:\/\/www.xcr-airport.com\/en\/wp-json\/wp\/v2\/users\/1"}],"replies":[{"embeddable":true,"href":"https:\/\/www.xcr-airport.com\/en\/wp-json\/wp\/v2\/comments?post=6222"}],"version-history":[{"count":15,"href":"https:\/\/www.xcr-airport.com\/en\/wp-json\/wp\/v2\/pages\/6222\/revisions"}],"predecessor-version":[{"id":8088,"href":"https:\/\/www.xcr-airport.com\/en\/wp-json\/wp\/v2\/pages\/6222\/revisions\/8088"}],"wp:attachment":[{"href":"https:\/\/www.xcr-airport.com\/en\/wp-json\/wp\/v2\/media?parent=6222"}],"curies":[{"name":"wp","href":"https:\/\/api.w.org\/{rel}","templated":true}]}}